{"id":12516,"date":"2024-03-07T15:58:16","date_gmt":"2024-03-07T14:58:16","guid":{"rendered":"https:\/\/www.promotio.sk\/shop\/nezaraden\u00e9\/inca\/"},"modified":"2024-03-07T15:59:31","modified_gmt":"2024-03-07T14:59:31","slug":"inca","status":"publish","type":"product","link":"https:\/\/www.promotio.sk\/sk\/shop\/promo-items\/bags_travel\/bags\/inca\/","title":{"rendered":"INCA"},"content":{"rendered":"<p>Ta\u0161ka z recyklovanej bavlny s vresov\u00fdm dizajnom a 120 gsm pr\u00edrodnou bavlnou s klinom. Zosilnen\u00e9 rukov\u00e4te dlh\u00e9 70 cm.<br \/>Zlo\u017eenie: Algod\u00f3n reciclado<\/p>","protected":false},"excerpt":{"rendered":"<p>Recycled cotton bag in a heather finish design and 120 gsm natural cotton with gusset. Reinforced 70 cm long handles.Composition:<\/p>","protected":false},"featured_media":12517,"comment_status":"open","ping_status":"closed","template":"","meta":[],"product_cat":[304,298],"product_tag":[],"class_list":{"0":"post-12516","1":"product","2":"type-product","3":"status-publish","4":"has-post-thumbnail","6":"product_cat-bags","7":"product_cat-bags_travel","9":"first","10":"instock","11":"shipping-taxable","12":"purchasable","13":"product-type-variable"},"_links":{"self":[{"href":"https:\/\/www.promotio.sk\/sk\/wp-json\/wp\/v2\/product\/12516","targetHints":{"allow":["GET"]}}],"collection":[{"href":"https:\/\/www.promotio.sk\/sk\/wp-json\/wp\/v2\/product"}],"about":[{"href":"https:\/\/www.promotio.sk\/sk\/wp-json\/wp\/v2\/types\/product"}],"replies":[{"embeddable":true,"href":"https:\/\/www.promotio.sk\/sk\/wp-json\/wp\/v2\/comments?post=12516"}],"wp:featuredmedia":[{"embeddable":true,"href":"https:\/\/www.promotio.sk\/sk\/wp-json\/wp\/v2\/media\/12517"}],"wp:attachment":[{"href":"https:\/\/www.promotio.sk\/sk\/wp-json\/wp\/v2\/media?parent=12516"}],"wp:term":[{"taxonomy":"product_cat","embeddable":true,"href":"https:\/\/www.promotio.sk\/sk\/wp-json\/wp\/v2\/product_cat?post=12516"},{"taxonomy":"product_tag","embeddable":true,"href":"https:\/\/www.promotio.sk\/sk\/wp-json\/wp\/v2\/product_tag?post=12516"}],"curies":[{"name":"wp","href":"https:\/\/api.w.org\/{rel}","templated":true}]}}