{"id":12384,"date":"2024-03-07T15:46:27","date_gmt":"2024-03-07T14:46:27","guid":{"rendered":"https:\/\/www.promotio.sk\/shop\/nezaraden\u00e9\/tucan\/"},"modified":"2024-03-07T15:48:05","modified_gmt":"2024-03-07T14:48:05","slug":"tucan","status":"publish","type":"product","link":"https:\/\/www.promotio.sk\/sk\/shop\/promo-items\/bags_travel\/bags_travel_backpack\/tucan\/","title":{"rendered":"TUCAN"},"content":{"rendered":"<p>Z\u00e1kladn\u00fd batoh z odolnej l\u00e1tky.<br \/>\n1. Dvojit\u00fd ramenn\u00fd popruh a kontrastn\u00e1 rukov\u00e4\u0165.<br \/>\n2. Dve vreck\u00e1: hlavn\u00e9 vrecko a jedno vpredu so zodpovedaj\u00facimi zipsami, chlop\u0148ami a \u0165ah\u00e1\u010dikmi.<br \/>Zlo\u017eenie: 100% polyester, 330 gsm 600D.<br \/>\nJedna ve\u013ekos\u0165: 38 x 28 x 12 cm. 13,5 l.<br \/>Pozn\u00e1mky: * Odn\u00edmate\u013en\u00fd \u0161t\u00edtok.<\/p>","protected":false},"excerpt":{"rendered":"<p>Basic backpack in resistant fabric. 1. Double shoulder strap and contrasting handle. 2. Two pockets: main pocket and one on<\/p>","protected":false},"featured_media":12385,"comment_status":"open","ping_status":"closed","template":"","meta":[],"product_cat":[299,298],"product_tag":[],"class_list":{"0":"post-12384","1":"product","2":"type-product","3":"status-publish","4":"has-post-thumbnail","6":"product_cat-bags_travel_backpack","7":"product_cat-bags_travel","9":"first","10":"instock","11":"shipping-taxable","12":"purchasable","13":"product-type-variable"},"_links":{"self":[{"href":"https:\/\/www.promotio.sk\/sk\/wp-json\/wp\/v2\/product\/12384","targetHints":{"allow":["GET"]}}],"collection":[{"href":"https:\/\/www.promotio.sk\/sk\/wp-json\/wp\/v2\/product"}],"about":[{"href":"https:\/\/www.promotio.sk\/sk\/wp-json\/wp\/v2\/types\/product"}],"replies":[{"embeddable":true,"href":"https:\/\/www.promotio.sk\/sk\/wp-json\/wp\/v2\/comments?post=12384"}],"wp:featuredmedia":[{"embeddable":true,"href":"https:\/\/www.promotio.sk\/sk\/wp-json\/wp\/v2\/media\/12385"}],"wp:attachment":[{"href":"https:\/\/www.promotio.sk\/sk\/wp-json\/wp\/v2\/media?parent=12384"}],"wp:term":[{"taxonomy":"product_cat","embeddable":true,"href":"https:\/\/www.promotio.sk\/sk\/wp-json\/wp\/v2\/product_cat?post=12384"},{"taxonomy":"product_tag","embeddable":true,"href":"https:\/\/www.promotio.sk\/sk\/wp-json\/wp\/v2\/product_tag?post=12384"}],"curies":[{"name":"wp","href":"https:\/\/api.w.org\/{rel}","templated":true}]}}