{"id":12319,"date":"2024-03-07T15:40:52","date_gmt":"2024-03-07T14:40:52","guid":{"rendered":"https:\/\/www.promotio.sk\/shop\/nezaraden\u00e9\/sison\/"},"modified":"2024-03-07T15:42:48","modified_gmt":"2024-03-07T14:42:48","slug":"sison","status":"publish","type":"product","link":"https:\/\/www.promotio.sk\/sk\/shop\/promo-items\/bags_travel\/bags_travel_backpack\/sison\/","title":{"rendered":"SISON"},"content":{"rendered":"<p>Mal\u00fd batoh s nastavite\u013en\u00fdmi ramenn\u00fdmi popruhmi.<br \/>\n1.- Horn\u00e1 rukov\u00e4\u0165 na zavesenie.<br \/>\n2.- Predn\u00e9 vrecko s vertik\u00e1lnym zipsom.<br \/>\n\u013dahk\u00fd a kompaktn\u00fd.<br \/>Zlo\u017eenie: 100% polyester, 600D, 145 gsm.<br \/>\nJedna ve\u013ekos\u0165: 23 x 40 x 12 cm. 7 l<br \/>Pozn\u00e1mky: *Odn\u00edmate\u013en\u00fd \u0161t\u00edtok.<br \/>\n* Odoln\u00fd vo\u010di vode.<br \/><img decoding=\"async\" src=\"https:\/\/static.gorfactory.es\/pics2018\/large\/7154_01_4_1.jpg\"><\/p>","protected":false},"excerpt":{"rendered":"<p>Small backpack with adjustable shoulder straps. 1.- Upper handle for hanging. 2.- Front pocket with vertical zip. Light and compact.Composition:<\/p>","protected":false},"featured_media":12320,"comment_status":"open","ping_status":"closed","template":"","meta":[],"product_cat":[299,298],"product_tag":[],"class_list":{"0":"post-12319","1":"product","2":"type-product","3":"status-publish","4":"has-post-thumbnail","6":"product_cat-bags_travel_backpack","7":"product_cat-bags_travel","9":"first","10":"instock","11":"shipping-taxable","12":"purchasable","13":"product-type-variable"},"_links":{"self":[{"href":"https:\/\/www.promotio.sk\/sk\/wp-json\/wp\/v2\/product\/12319","targetHints":{"allow":["GET"]}}],"collection":[{"href":"https:\/\/www.promotio.sk\/sk\/wp-json\/wp\/v2\/product"}],"about":[{"href":"https:\/\/www.promotio.sk\/sk\/wp-json\/wp\/v2\/types\/product"}],"replies":[{"embeddable":true,"href":"https:\/\/www.promotio.sk\/sk\/wp-json\/wp\/v2\/comments?post=12319"}],"wp:featuredmedia":[{"embeddable":true,"href":"https:\/\/www.promotio.sk\/sk\/wp-json\/wp\/v2\/media\/12320"}],"wp:attachment":[{"href":"https:\/\/www.promotio.sk\/sk\/wp-json\/wp\/v2\/media?parent=12319"}],"wp:term":[{"taxonomy":"product_cat","embeddable":true,"href":"https:\/\/www.promotio.sk\/sk\/wp-json\/wp\/v2\/product_cat?post=12319"},{"taxonomy":"product_tag","embeddable":true,"href":"https:\/\/www.promotio.sk\/sk\/wp-json\/wp\/v2\/product_tag?post=12319"}],"curies":[{"name":"wp","href":"https:\/\/api.w.org\/{rel}","templated":true}]}}