{"id":12250,"date":"2024-03-07T15:35:09","date_gmt":"2024-03-07T14:35:09","guid":{"rendered":"https:\/\/www.promotio.sk\/shop\/nezaraden\u00e9\/cuanca\/"},"modified":"2024-03-07T15:35:57","modified_gmt":"2024-03-07T14:35:57","slug":"cuanca","status":"publish","type":"product","link":"https:\/\/www.promotio.sk\/sk\/shop\/promo-items\/bags_travel\/bags_travel_backpack\/cuanca\/","title":{"rendered":"CUANCA"},"content":{"rendered":"<p>Univerz\u00e1lna ta\u0161ka so s\u0165ahovacou \u0161n\u00farkou.<br \/>\n1.-S\u0165ahovacie \u0161n\u00fary.<br \/>\n2.-Kovov\u00e9 o\u010dk\u00e1.<br \/>\n3.-Predn\u00e9 vreck\u00e1 z mikroperforovanej l\u00e1tky.<br \/>\n4.-Mal\u00e9 o\u010dko na k\u00e1ble.<br \/>Zlo\u017eenie: 100% polyester, 210D, 60 g\/m2.<br \/>\nJedna ve\u013ekos\u0165: 34 x 43 cm.<br \/>Pozn\u00e1mky: *Odn\u00edmate\u013en\u00fd \u0161t\u00edtok.<br \/>\n* Odoln\u00fd vo\u010di vode.<br \/>\n* Minim\u00e1lna predajn\u00e1 jednotka \u2013 kompletn\u00e9 balenie.<br \/><img decoding=\"async\" src=\"https:\/\/static.gorfactory.es\/pics2018\/large\/7150_01_4_1.jpg\"><\/p>","protected":false},"excerpt":{"rendered":"<p>All-purpose drawstring bag. 1.-Drawcords. 2.-Metallic eyelets. 3.-Front pockets in microperforated fabric. 4.-Little eyelet for cables.Composition: 100% polyester, 210D, 60 gsm.<\/p>","protected":false},"featured_media":12251,"comment_status":"open","ping_status":"closed","template":"","meta":[],"product_cat":[299,298],"product_tag":[],"class_list":{"0":"post-12250","1":"product","2":"type-product","3":"status-publish","4":"has-post-thumbnail","6":"product_cat-bags_travel_backpack","7":"product_cat-bags_travel","9":"first","10":"instock","11":"shipping-taxable","12":"purchasable","13":"product-type-variable"},"_links":{"self":[{"href":"https:\/\/www.promotio.sk\/sk\/wp-json\/wp\/v2\/product\/12250","targetHints":{"allow":["GET"]}}],"collection":[{"href":"https:\/\/www.promotio.sk\/sk\/wp-json\/wp\/v2\/product"}],"about":[{"href":"https:\/\/www.promotio.sk\/sk\/wp-json\/wp\/v2\/types\/product"}],"replies":[{"embeddable":true,"href":"https:\/\/www.promotio.sk\/sk\/wp-json\/wp\/v2\/comments?post=12250"}],"wp:featuredmedia":[{"embeddable":true,"href":"https:\/\/www.promotio.sk\/sk\/wp-json\/wp\/v2\/media\/12251"}],"wp:attachment":[{"href":"https:\/\/www.promotio.sk\/sk\/wp-json\/wp\/v2\/media?parent=12250"}],"wp:term":[{"taxonomy":"product_cat","embeddable":true,"href":"https:\/\/www.promotio.sk\/sk\/wp-json\/wp\/v2\/product_cat?post=12250"},{"taxonomy":"product_tag","embeddable":true,"href":"https:\/\/www.promotio.sk\/sk\/wp-json\/wp\/v2\/product_tag?post=12250"}],"curies":[{"name":"wp","href":"https:\/\/api.w.org\/{rel}","templated":true}]}}