{"id":12214,"date":"2024-03-07T15:31:52","date_gmt":"2024-03-07T14:31:52","guid":{"rendered":"https:\/\/www.promotio.sk\/shop\/nezaraden\u00e9\/volga\/"},"modified":"2024-03-07T15:32:42","modified_gmt":"2024-03-07T14:32:42","slug":"volga","status":"publish","type":"product","link":"https:\/\/www.promotio.sk\/sk\/shop\/promo-items\/bags_travel\/bags\/volga\/","title":{"rendered":"VOLGA"},"content":{"rendered":"<p>Sada 3 recykla\u010dn\u00fdch ta\u0161iek z odolnej laminovanej PP-tkanej l\u00e1tky v matnom preveden\u00ed s bo\u010dn\u00fdmi p\u00e1sikmi na such\u00fd zips. Vystu\u017een\u00e9 rukov\u00e4te. <br \/>Zlo\u017eenie: Laminovan\u00fd PP-tkan\u00fd. <br \/>Pozn\u00e1mky: Kapacita 35 litrov na ka\u017ed\u00e9 vrecko.<br \/>\nRozmery jednotlivej ta\u0161ky: 33 x 44 x 28 cm.<\/p>","protected":false},"excerpt":{"rendered":"<p>Sada 3 recykla\u010dn\u00fdch ta\u0161iek z odolnej laminovanej PP-tkanej l\u00e1tky v matnom preveden\u00ed s bo\u010dn\u00fdmi p\u00e1sikmi na such\u00fd zips. Vystu\u017een\u00e9 rukov\u00e4te.<\/p>","protected":false},"featured_media":12215,"comment_status":"open","ping_status":"closed","template":"","meta":[],"product_cat":[304,298],"product_tag":[],"class_list":{"0":"post-12214","1":"product","2":"type-product","3":"status-publish","4":"has-post-thumbnail","6":"product_cat-bags","7":"product_cat-bags_travel","9":"first","10":"instock","11":"shipping-taxable","12":"purchasable","13":"product-type-variable"},"_links":{"self":[{"href":"https:\/\/www.promotio.sk\/sk\/wp-json\/wp\/v2\/product\/12214","targetHints":{"allow":["GET"]}}],"collection":[{"href":"https:\/\/www.promotio.sk\/sk\/wp-json\/wp\/v2\/product"}],"about":[{"href":"https:\/\/www.promotio.sk\/sk\/wp-json\/wp\/v2\/types\/product"}],"replies":[{"embeddable":true,"href":"https:\/\/www.promotio.sk\/sk\/wp-json\/wp\/v2\/comments?post=12214"}],"wp:featuredmedia":[{"embeddable":true,"href":"https:\/\/www.promotio.sk\/sk\/wp-json\/wp\/v2\/media\/12215"}],"wp:attachment":[{"href":"https:\/\/www.promotio.sk\/sk\/wp-json\/wp\/v2\/media?parent=12214"}],"wp:term":[{"taxonomy":"product_cat","embeddable":true,"href":"https:\/\/www.promotio.sk\/sk\/wp-json\/wp\/v2\/product_cat?post=12214"},{"taxonomy":"product_tag","embeddable":true,"href":"https:\/\/www.promotio.sk\/sk\/wp-json\/wp\/v2\/product_tag?post=12214"}],"curies":[{"name":"wp","href":"https:\/\/api.w.org\/{rel}","templated":true}]}}