{"id":12199,"date":"2024-03-07T15:30:35","date_gmt":"2024-03-07T14:30:35","guid":{"rendered":"https:\/\/www.promotio.sk\/shop\/nezaraden\u00e9\/teros\/"},"modified":"2024-03-07T15:31:48","modified_gmt":"2024-03-07T14:31:48","slug":"teros","status":"publish","type":"product","link":"https:\/\/www.promotio.sk\/sk\/shop\/promo-items\/bags_travel\/bags_travel_backpack\/teros\/","title":{"rendered":"TEROS"},"content":{"rendered":"<p>Klasick\u00fd batoh z 300D polyesteru vo vresovom preveden\u00ed. Predn\u00e9 vrecko s o\u010dkom na k\u00e1bel. Polstrovan\u00fd chrb\u00e1t a ramenn\u00e9 popruhy. Detaily v \u010diernej farbe. Odn\u00edmate\u013en\u00fd \u0161t\u00edtok.<br \/>Zlo\u017eenie: 100% 300D polyester, 400 g\/m2.<br \/>\nJedna ve\u013ekos\u0165: 30 x 40 x 12 cm. 14 litrov.<br \/>Pozn\u00e1mky: *Odn\u00edmate\u013en\u00fd \u0161t\u00edtok.<br \/>\n* Odoln\u00fd vo\u010di vode.<\/p>","protected":false},"excerpt":{"rendered":"<p>Classic 300D polyester backpack in a heather finish design. Front pocket with cable eyelet. Padded back and shoulder straps. Details<\/p>","protected":false},"featured_media":12200,"comment_status":"open","ping_status":"closed","template":"","meta":[],"product_cat":[299,298],"product_tag":[],"class_list":{"0":"post-12199","1":"product","2":"type-product","3":"status-publish","4":"has-post-thumbnail","6":"product_cat-bags_travel_backpack","7":"product_cat-bags_travel","9":"first","10":"instock","11":"shipping-taxable","12":"purchasable","13":"product-type-variable"},"_links":{"self":[{"href":"https:\/\/www.promotio.sk\/sk\/wp-json\/wp\/v2\/product\/12199","targetHints":{"allow":["GET"]}}],"collection":[{"href":"https:\/\/www.promotio.sk\/sk\/wp-json\/wp\/v2\/product"}],"about":[{"href":"https:\/\/www.promotio.sk\/sk\/wp-json\/wp\/v2\/types\/product"}],"replies":[{"embeddable":true,"href":"https:\/\/www.promotio.sk\/sk\/wp-json\/wp\/v2\/comments?post=12199"}],"wp:featuredmedia":[{"embeddable":true,"href":"https:\/\/www.promotio.sk\/sk\/wp-json\/wp\/v2\/media\/12200"}],"wp:attachment":[{"href":"https:\/\/www.promotio.sk\/sk\/wp-json\/wp\/v2\/media?parent=12199"}],"wp:term":[{"taxonomy":"product_cat","embeddable":true,"href":"https:\/\/www.promotio.sk\/sk\/wp-json\/wp\/v2\/product_cat?post=12199"},{"taxonomy":"product_tag","embeddable":true,"href":"https:\/\/www.promotio.sk\/sk\/wp-json\/wp\/v2\/product_tag?post=12199"}],"curies":[{"name":"wp","href":"https:\/\/api.w.org\/{rel}","templated":true}]}}