{"id":12142,"date":"2024-03-07T15:25:16","date_gmt":"2024-03-07T14:25:16","guid":{"rendered":"https:\/\/www.promotio.sk\/shop\/nezaraden\u00e9\/donet\/"},"modified":"2024-03-07T15:26:52","modified_gmt":"2024-03-07T14:26:52","slug":"donet","status":"publish","type":"product","link":"https:\/\/www.promotio.sk\/sk\/shop\/promo-items\/bags_travel\/bags\/donet\/","title":{"rendered":"DONET"},"content":{"rendered":"<p>Ta\u0161ka z netkanej text\u00edlie s hmotnos\u0165ou 80 g\/m2 s odoln\u00fdmi vysek\u00e1van\u00fdmi r\u00fa\u010dkami a tepelne zataven\u00fdmi okrajmi.<br \/>Zlo\u017eenie: 80 gsm netkan\u00e1 text\u00edlia.<\/p>","protected":false},"excerpt":{"rendered":"<p>80 gsm non-woven bag with resistant die-cut handles and heat-sealed edges.Composition: 80 gsm non-woven.<\/p>","protected":false},"featured_media":12143,"comment_status":"open","ping_status":"closed","template":"","meta":[],"product_cat":[304,298],"product_tag":[],"class_list":{"0":"post-12142","1":"product","2":"type-product","3":"status-publish","4":"has-post-thumbnail","6":"product_cat-bags","7":"product_cat-bags_travel","9":"first","10":"instock","11":"shipping-taxable","12":"purchasable","13":"product-type-variable"},"_links":{"self":[{"href":"https:\/\/www.promotio.sk\/sk\/wp-json\/wp\/v2\/product\/12142","targetHints":{"allow":["GET"]}}],"collection":[{"href":"https:\/\/www.promotio.sk\/sk\/wp-json\/wp\/v2\/product"}],"about":[{"href":"https:\/\/www.promotio.sk\/sk\/wp-json\/wp\/v2\/types\/product"}],"replies":[{"embeddable":true,"href":"https:\/\/www.promotio.sk\/sk\/wp-json\/wp\/v2\/comments?post=12142"}],"wp:featuredmedia":[{"embeddable":true,"href":"https:\/\/www.promotio.sk\/sk\/wp-json\/wp\/v2\/media\/12143"}],"wp:attachment":[{"href":"https:\/\/www.promotio.sk\/sk\/wp-json\/wp\/v2\/media?parent=12142"}],"wp:term":[{"taxonomy":"product_cat","embeddable":true,"href":"https:\/\/www.promotio.sk\/sk\/wp-json\/wp\/v2\/product_cat?post=12142"},{"taxonomy":"product_tag","embeddable":true,"href":"https:\/\/www.promotio.sk\/sk\/wp-json\/wp\/v2\/product_tag?post=12142"}],"curies":[{"name":"wp","href":"https:\/\/api.w.org\/{rel}","templated":true}]}}