{"id":12010,"date":"2024-03-07T15:13:56","date_gmt":"2024-03-07T14:13:56","guid":{"rendered":"https:\/\/www.promotio.sk\/shop\/nezaraden\u00e9\/safira\/"},"modified":"2024-03-07T15:14:32","modified_gmt":"2024-03-07T14:14:32","slug":"safira","status":"publish","type":"product","link":"https:\/\/www.promotio.sk\/sk\/shop\/promo-items\/bags_travel\/bags\/safira\/","title":{"rendered":"SAFIRA"},"content":{"rendered":"<p>Ta\u0161ka z recyklovanej plsti vo vresovom dizajne. Zosilnen\u00e9 rukov\u00e4te dlh\u00e9 70 cm.<\/p>","protected":false},"excerpt":{"rendered":"<p>Ta\u0161ka z recyklovanej plsti vo vresovom dizajne. Zosilnen\u00e9 rukov\u00e4te dlh\u00e9 70 cm.<\/p>","protected":false},"featured_media":12011,"comment_status":"open","ping_status":"closed","template":"","meta":[],"product_cat":[304,298],"product_tag":[],"class_list":{"0":"post-12010","1":"product","2":"type-product","3":"status-publish","4":"has-post-thumbnail","6":"product_cat-bags","7":"product_cat-bags_travel","9":"first","10":"instock","11":"shipping-taxable","12":"purchasable","13":"product-type-variable"},"_links":{"self":[{"href":"https:\/\/www.promotio.sk\/sk\/wp-json\/wp\/v2\/product\/12010","targetHints":{"allow":["GET"]}}],"collection":[{"href":"https:\/\/www.promotio.sk\/sk\/wp-json\/wp\/v2\/product"}],"about":[{"href":"https:\/\/www.promotio.sk\/sk\/wp-json\/wp\/v2\/types\/product"}],"replies":[{"embeddable":true,"href":"https:\/\/www.promotio.sk\/sk\/wp-json\/wp\/v2\/comments?post=12010"}],"wp:featuredmedia":[{"embeddable":true,"href":"https:\/\/www.promotio.sk\/sk\/wp-json\/wp\/v2\/media\/12011"}],"wp:attachment":[{"href":"https:\/\/www.promotio.sk\/sk\/wp-json\/wp\/v2\/media?parent=12010"}],"wp:term":[{"taxonomy":"product_cat","embeddable":true,"href":"https:\/\/www.promotio.sk\/sk\/wp-json\/wp\/v2\/product_cat?post=12010"},{"taxonomy":"product_tag","embeddable":true,"href":"https:\/\/www.promotio.sk\/sk\/wp-json\/wp\/v2\/product_tag?post=12010"}],"curies":[{"name":"wp","href":"https:\/\/api.w.org\/{rel}","templated":true}]}}