{"id":11985,"date":"2024-03-07T15:11:41","date_gmt":"2024-03-07T14:11:41","guid":{"rendered":"https:\/\/www.promotio.sk\/shop\/nezaraden\u00e9\/fantom\/"},"modified":"2024-03-07T15:12:46","modified_gmt":"2024-03-07T14:12:46","slug":"fantom","status":"publish","type":"product","link":"https:\/\/www.promotio.sk\/sk\/shop\/promo-items\/bags_travel\/bags_travel_backpack\/fantom\/","title":{"rendered":"FANTOM"},"content":{"rendered":"<p>Multifunk\u010dn\u00e1 ta\u0161ka vyroben\u00e1 z PU ko\u017ee s prvotriednou a vodeodolnou \u00fapravou je ide\u00e1lnou mo\u017enos\u0165ou na organizovan\u00e9 a bezpe\u010dn\u00e9 pren\u00e1\u0161anie va\u0161ich vec\u00ed. Jeho elegantn\u00fd a odoln\u00fd dizajn v\u00e1m poskytne \u0161t\u00fdl a funk\u010dnos\u0165 v ka\u017edej situ\u00e1cii.<br \/>\nV\u010faka ve\u013ek\u00e9mu hlavn\u00e9mu oddeleniu a polstrovan\u00e9mu vrecku \u0161pecifick\u00e9mu pre notebook vo vn\u00fatri si m\u00f4\u017eete vzia\u0165 svoje elektronick\u00e9 zariadenia bezpe\u010dne a bezpe\u010dne. Okrem toho m\u00e1 viacero vonkaj\u0161\u00edch vreciek, ktor\u00e9 v\u00e1m umo\u017e\u0148uj\u00fa organizova\u0165 men\u0161ie predmety tak, aby boli r\u00fdchlo dostupn\u00e9 a mali ich poruke.<br \/>\nTa\u0161ka obsahuje aj \u0161peci\u00e1lnu priehradku na top\u00e1nky, ktor\u00e1 v\u00e1m umo\u017en\u00ed oddeli\u0165 top\u00e1nky od zvy\u0161ku va\u0161ich vec\u00ed a ma\u0165 vo v\u0161etkom poriadok. V\u0161etky priehradky maj\u00fa vodeodoln\u00e9 zipsy, ktor\u00e9 zais\u0165uj\u00fa ochranu va\u0161ich vec\u00ed v nepriazniv\u00fdch poveternostn\u00fdch podmienkach.<br \/>\nPolstrovan\u00fd ramenn\u00fd popruh s funkciou batohu v\u00e1m poskytuje v\u0161estrann\u00e9 a pohodln\u00e9 mo\u017enosti nosenia, ktor\u00e9 sa prisp\u00f4sobia va\u0161im potreb\u00e1m a preferenci\u00e1m.<br \/>\n\u010ci u\u017e ide o pr\u00e1cu, cestovanie alebo ka\u017edodenn\u00e9 aktivity, t\u00e1to multifunk\u010dn\u00e1 ta\u0161ka sp\u00e1ja \u0161t\u00fdl, odolnos\u0165 a praktickos\u0165. Majte svoje veci v bezpe\u010d\u00ed, organizovan\u00e9 a chr\u00e1nen\u00e9 s touto vysokokvalitnou PU ta\u0161kou.<br \/>Zlo\u017eenie: PU ko\u017ea<br \/>Pozn\u00e1mky: Kapacita: 30 l<\/p>","protected":false},"excerpt":{"rendered":"<p>The multifunctional bag made of PU Leather with a premium and water-resistant finish is the ideal option to carry your<\/p>","protected":false},"featured_media":11986,"comment_status":"open","ping_status":"closed","template":"","meta":[],"product_cat":[299,298],"product_tag":[],"class_list":{"0":"post-11985","1":"product","2":"type-product","3":"status-publish","4":"has-post-thumbnail","6":"product_cat-bags_travel_backpack","7":"product_cat-bags_travel","9":"first","10":"instock","11":"shipping-taxable","12":"purchasable","13":"product-type-variable"},"_links":{"self":[{"href":"https:\/\/www.promotio.sk\/sk\/wp-json\/wp\/v2\/product\/11985","targetHints":{"allow":["GET"]}}],"collection":[{"href":"https:\/\/www.promotio.sk\/sk\/wp-json\/wp\/v2\/product"}],"about":[{"href":"https:\/\/www.promotio.sk\/sk\/wp-json\/wp\/v2\/types\/product"}],"replies":[{"embeddable":true,"href":"https:\/\/www.promotio.sk\/sk\/wp-json\/wp\/v2\/comments?post=11985"}],"wp:featuredmedia":[{"embeddable":true,"href":"https:\/\/www.promotio.sk\/sk\/wp-json\/wp\/v2\/media\/11986"}],"wp:attachment":[{"href":"https:\/\/www.promotio.sk\/sk\/wp-json\/wp\/v2\/media?parent=11985"}],"wp:term":[{"taxonomy":"product_cat","embeddable":true,"href":"https:\/\/www.promotio.sk\/sk\/wp-json\/wp\/v2\/product_cat?post=11985"},{"taxonomy":"product_tag","embeddable":true,"href":"https:\/\/www.promotio.sk\/sk\/wp-json\/wp\/v2\/product_tag?post=11985"}],"curies":[{"name":"wp","href":"https:\/\/api.w.org\/{rel}","templated":true}]}}