{"id":11977,"date":"2024-03-07T15:10:56","date_gmt":"2024-03-07T14:10:56","guid":{"rendered":"https:\/\/www.promotio.sk\/shop\/nezaraden\u00e9\/carola\/"},"modified":"2024-03-07T15:11:37","modified_gmt":"2024-03-07T14:11:37","slug":"carola","status":"publish","type":"product","link":"https:\/\/www.promotio.sk\/sk\/shop\/promo-items\/bags_travel\/bags\/carola\/","title":{"rendered":"CAROLA"},"content":{"rendered":"<p>Ta\u0161ka vyroben\u00e1 z recyklovanej plsti s energick\u00fdm dizajnom je perfektnou mo\u017enos\u0165ou na praktick\u00e9 a ekologick\u00e9 pren\u00e1\u0161anie va\u0161ich vec\u00ed. T\u00e1to ta\u0161ka je udr\u017eate\u013en\u00e1 a ekologick\u00e1 vo\u013eba.<\/p>\n<p>Dizajn Vigore poskytuje ta\u0161ke modern\u00fd a atrakt\u00edvny vzh\u013ead, dod\u00e1va \u0161t\u00fdl v\u00e1\u0161mu vzh\u013eadu a z\u00e1rove\u0148 prispieva k ochrane \u017eivotn\u00e9ho prostredia. 70 cm vystu\u017een\u00e9 r\u00fa\u010dky v\u00e1m pon\u00fakaj\u00fa pohodlie a pevnos\u0165 pri pren\u00e1\u0161an\u00ed ta\u0161ky, v\u010faka \u010domu ju m\u00f4\u017eete pohodlne nosi\u0165 na ramene.<br \/>\nRecyklovan\u00e1 pls\u0165 pou\u017eit\u00e1 pri jej v\u00fdrobe je trv\u00e1cna a odoln\u00e1. Okrem toho m\u00e1 dostatok priestoru na organizovan\u00e9 pren\u00e1\u0161anie va\u0161ich vec\u00ed.<\/p>\n<p>V\u00fdberom tejto recyklovanej plstenej ta\u0161ky pom\u00e1hate zni\u017eova\u0165 dopad na \u017eivotn\u00e9 prostredie, preto\u017ee pri jej v\u00fdrobe bol pou\u017eit\u00fd recyklovan\u00fd materi\u00e1l. Je to sp\u00f4sob, ako uk\u00e1za\u0165 svoj z\u00e1v\u00e4zok k udr\u017eate\u013enosti a podporova\u0165 vedom\u00fd \u017eivotn\u00fd \u0161t\u00fdl.<br \/>\nRozhodnite sa pre ta\u0161ku, ktor\u00e1 kombinuje \u0161t\u00fdl, funk\u010dnos\u0165 a udr\u017eate\u013enos\u0165 s ta\u0161kou z recyklovanej plsti. Noste svoje veci ekologick\u00fdm sp\u00f4sobom a urobte rozdiel!<br \/>Zlo\u017eenie: Fieltro reciclado<\/p>","protected":false},"excerpt":{"rendered":"<p>The bag made of recycled felt with a vigore design is the perfect option to carry your belongings in a<\/p>","protected":false},"featured_media":11978,"comment_status":"open","ping_status":"closed","template":"","meta":[],"product_cat":[304,298],"product_tag":[],"class_list":{"0":"post-11977","1":"product","2":"type-product","3":"status-publish","4":"has-post-thumbnail","6":"product_cat-bags","7":"product_cat-bags_travel","9":"first","10":"instock","11":"shipping-taxable","12":"purchasable","13":"product-type-variable"},"_links":{"self":[{"href":"https:\/\/www.promotio.sk\/sk\/wp-json\/wp\/v2\/product\/11977","targetHints":{"allow":["GET"]}}],"collection":[{"href":"https:\/\/www.promotio.sk\/sk\/wp-json\/wp\/v2\/product"}],"about":[{"href":"https:\/\/www.promotio.sk\/sk\/wp-json\/wp\/v2\/types\/product"}],"replies":[{"embeddable":true,"href":"https:\/\/www.promotio.sk\/sk\/wp-json\/wp\/v2\/comments?post=11977"}],"wp:featuredmedia":[{"embeddable":true,"href":"https:\/\/www.promotio.sk\/sk\/wp-json\/wp\/v2\/media\/11978"}],"wp:attachment":[{"href":"https:\/\/www.promotio.sk\/sk\/wp-json\/wp\/v2\/media?parent=11977"}],"wp:term":[{"taxonomy":"product_cat","embeddable":true,"href":"https:\/\/www.promotio.sk\/sk\/wp-json\/wp\/v2\/product_cat?post=11977"},{"taxonomy":"product_tag","embeddable":true,"href":"https:\/\/www.promotio.sk\/sk\/wp-json\/wp\/v2\/product_tag?post=11977"}],"curies":[{"name":"wp","href":"https:\/\/api.w.org\/{rel}","templated":true}]}}