{"id":11971,"date":"2024-03-07T15:10:26","date_gmt":"2024-03-07T14:10:26","guid":{"rendered":"https:\/\/www.promotio.sk\/shop\/nezaraden\u00e9\/dashi\/"},"modified":"2024-03-07T15:10:52","modified_gmt":"2024-03-07T14:10:52","slug":"dashi","status":"publish","type":"product","link":"https:\/\/www.promotio.sk\/sk\/shop\/promo-items\/bags_travel\/bags\/dashi\/","title":{"rendered":"DASHI"},"content":{"rendered":"<p>Ta\u0161ka z m\u00e4kk\u00e9ho a odoln\u00e9ho polyesteru s r\u00farkov\u00fdm klinom. Ide\u00e1lne na sublim\u00e1ciu. 70 cm dlh\u00e9 rukov\u00e4te.<br \/>Zlo\u017eenie: Polyester<\/p>","protected":false},"excerpt":{"rendered":"<p>Bag in soft and resistant polyester with tubular gusset. Ideal for sublimation. 70 cm long handles.Composition: Poli\u00e9ster<\/p>","protected":false},"featured_media":11972,"comment_status":"open","ping_status":"closed","template":"","meta":[],"product_cat":[304,298],"product_tag":[],"class_list":{"0":"post-11971","1":"product","2":"type-product","3":"status-publish","4":"has-post-thumbnail","6":"product_cat-bags","7":"product_cat-bags_travel","9":"first","10":"instock","11":"shipping-taxable","12":"purchasable","13":"product-type-variable"},"_links":{"self":[{"href":"https:\/\/www.promotio.sk\/sk\/wp-json\/wp\/v2\/product\/11971","targetHints":{"allow":["GET"]}}],"collection":[{"href":"https:\/\/www.promotio.sk\/sk\/wp-json\/wp\/v2\/product"}],"about":[{"href":"https:\/\/www.promotio.sk\/sk\/wp-json\/wp\/v2\/types\/product"}],"replies":[{"embeddable":true,"href":"https:\/\/www.promotio.sk\/sk\/wp-json\/wp\/v2\/comments?post=11971"}],"wp:featuredmedia":[{"embeddable":true,"href":"https:\/\/www.promotio.sk\/sk\/wp-json\/wp\/v2\/media\/11972"}],"wp:attachment":[{"href":"https:\/\/www.promotio.sk\/sk\/wp-json\/wp\/v2\/media?parent=11971"}],"wp:term":[{"taxonomy":"product_cat","embeddable":true,"href":"https:\/\/www.promotio.sk\/sk\/wp-json\/wp\/v2\/product_cat?post=11971"},{"taxonomy":"product_tag","embeddable":true,"href":"https:\/\/www.promotio.sk\/sk\/wp-json\/wp\/v2\/product_tag?post=11971"}],"curies":[{"name":"wp","href":"https:\/\/api.w.org\/{rel}","templated":true}]}}