{"id":11878,"date":"2024-03-07T14:06:58","date_gmt":"2024-03-07T13:06:58","guid":{"rendered":"https:\/\/www.promotio.sk\/shop\/nezaraden\u00e9\/gravity\/"},"modified":"2024-03-07T14:17:15","modified_gmt":"2024-03-07T13:17:15","slug":"gravity","status":"publish","type":"product","link":"https:\/\/www.promotio.sk\/sk\/shop\/promo-items\/technology\/chargers\/gravity\/","title":{"rendered":"GRAVIT\u00c1CIA"},"content":{"rendered":"<p>Bezdr\u00f4tov\u00e1 nab\u00edja\u010dka s bambusov\u00fdm telom. Polo\u017ete na\u0148 smartf\u00f3n a nechajte ho nab\u00edja\u0165. Kompatibiln\u00e9 s modelmi s bezdr\u00f4tovou technol\u00f3giou. V\u00fdstupn\u00fd v\u00fdkon 5 W. Vr\u00e1tane k\u00e1bla. <br \/>Zlo\u017eenie: bambus<br \/>Pozn\u00e1mky: Vstupn\u00e9 nap\u00e4tie: DC 5V\/2,0A<br \/>\nV\u00fdstupn\u00fd v\u00fdkon: 5W<br \/>\nMateri\u00e1l: Bambus<br \/>\nObsahuje USB k\u00e1bel.<br \/>\nPlat\u00ed LEN pre mobiln\u00e9 zariadenia s technol\u00f3giou bezdr\u00f4tov\u00e9ho nab\u00edjania QI.<br \/>\nN\u00e1vod na pou\u017eitie je dostupn\u00fd v 4 jazykoch: \u0161paniel\u010dina, angli\u010dtina, franc\u00faz\u0161tina a talian\u010dina. Prezent\u00e1cia v ekologickom dizajnovom boxe.<\/p>","protected":false},"excerpt":{"rendered":"<p>Wireless charger with bamboo body. Place your smartphone on top of it and leave it to charge. Compatible with wireless<\/p>","protected":false},"featured_media":11880,"comment_status":"open","ping_status":"closed","template":"","meta":[],"product_cat":[289,286],"product_tag":[],"class_list":{"0":"post-11878","1":"product","2":"type-product","3":"status-publish","4":"has-post-thumbnail","6":"product_cat-chargers","7":"product_cat-technology","9":"first","10":"instock","11":"shipping-taxable","12":"purchasable","13":"product-type-variable"},"_links":{"self":[{"href":"https:\/\/www.promotio.sk\/sk\/wp-json\/wp\/v2\/product\/11878","targetHints":{"allow":["GET"]}}],"collection":[{"href":"https:\/\/www.promotio.sk\/sk\/wp-json\/wp\/v2\/product"}],"about":[{"href":"https:\/\/www.promotio.sk\/sk\/wp-json\/wp\/v2\/types\/product"}],"replies":[{"embeddable":true,"href":"https:\/\/www.promotio.sk\/sk\/wp-json\/wp\/v2\/comments?post=11878"}],"wp:featuredmedia":[{"embeddable":true,"href":"https:\/\/www.promotio.sk\/sk\/wp-json\/wp\/v2\/media\/11880"}],"wp:attachment":[{"href":"https:\/\/www.promotio.sk\/sk\/wp-json\/wp\/v2\/media?parent=11878"}],"wp:term":[{"taxonomy":"product_cat","embeddable":true,"href":"https:\/\/www.promotio.sk\/sk\/wp-json\/wp\/v2\/product_cat?post=11878"},{"taxonomy":"product_tag","embeddable":true,"href":"https:\/\/www.promotio.sk\/sk\/wp-json\/wp\/v2\/product_tag?post=11878"}],"curies":[{"name":"wp","href":"https:\/\/api.w.org\/{rel}","templated":true}]}}