{"id":11862,"date":"2024-03-07T14:06:04","date_gmt":"2024-03-07T13:06:04","guid":{"rendered":"https:\/\/www.promotio.sk\/shop\/nezaraden\u00e9\/mars\/"},"modified":"2024-03-07T14:06:56","modified_gmt":"2024-03-07T13:06:56","slug":"mars","status":"publish","type":"product","link":"https:\/\/www.promotio.sk\/sk\/shop\/promo-items\/technology\/chargers\/mars\/","title":{"rendered":"MARS"},"content":{"rendered":"<p>Bezdr\u00f4tov\u00e1 nab\u00edja\u010dka s v\u00fdkonom 5W, vyroben\u00e1 zo \u0161tvorcovej z\u00e1kladne z v\u00e1pencov\u00e9ho cementu a pravouhlej podpery z pr\u00edrodn\u00e9ho bambusu. Polo\u017ete na\u0148 svoj smartf\u00f3n a nechajte ho nab\u00edja\u0165. Kompatibiln\u00e9 s modelmi s bezdr\u00f4tovou technol\u00f3giou. Vr\u00e1tane k\u00e1bla.<br \/>Zlo\u017eenie: V\u00e1pencov\u00fd cement a bambus.<br \/>Pozn\u00e1mky: Vstupn\u00e9 nap\u00e4tie: DC 5V\/2,0A<br \/>\nV\u00fdstupn\u00fd v\u00fdkon: 5W<br \/>\nMateri\u00e1l: v\u00e1penec a bambusov\u00fd cement.<br \/>\nPlat\u00ed LEN pre mobiln\u00e9 zariadenia s technol\u00f3giou bezdr\u00f4tov\u00e9ho nab\u00edjania QI<br \/>\nN\u00e1vod na pou\u017eitie je dostupn\u00fd v 4 jazykoch: \u0161paniel\u010dina, angli\u010dtina, franc\u00faz\u0161tina a talian\u010dina.<br \/>\nPrezent\u00e1cia v ekologickom dizajnovom boxe.<\/p>","protected":false},"excerpt":{"rendered":"<p>Wireless charger with 5W of power, made with square base of limestone cement and rectangular support of natural bamboo. Place<\/p>","protected":false},"featured_media":11863,"comment_status":"open","ping_status":"closed","template":"","meta":[],"product_cat":[289,286],"product_tag":[],"class_list":{"0":"post-11862","1":"product","2":"type-product","3":"status-publish","4":"has-post-thumbnail","6":"product_cat-chargers","7":"product_cat-technology","9":"first","10":"instock","11":"shipping-taxable","12":"purchasable","13":"product-type-variable"},"_links":{"self":[{"href":"https:\/\/www.promotio.sk\/sk\/wp-json\/wp\/v2\/product\/11862","targetHints":{"allow":["GET"]}}],"collection":[{"href":"https:\/\/www.promotio.sk\/sk\/wp-json\/wp\/v2\/product"}],"about":[{"href":"https:\/\/www.promotio.sk\/sk\/wp-json\/wp\/v2\/types\/product"}],"replies":[{"embeddable":true,"href":"https:\/\/www.promotio.sk\/sk\/wp-json\/wp\/v2\/comments?post=11862"}],"wp:featuredmedia":[{"embeddable":true,"href":"https:\/\/www.promotio.sk\/sk\/wp-json\/wp\/v2\/media\/11863"}],"wp:attachment":[{"href":"https:\/\/www.promotio.sk\/sk\/wp-json\/wp\/v2\/media?parent=11862"}],"wp:term":[{"taxonomy":"product_cat","embeddable":true,"href":"https:\/\/www.promotio.sk\/sk\/wp-json\/wp\/v2\/product_cat?post=11862"},{"taxonomy":"product_tag","embeddable":true,"href":"https:\/\/www.promotio.sk\/sk\/wp-json\/wp\/v2\/product_tag?post=11862"}],"curies":[{"name":"wp","href":"https:\/\/api.w.org\/{rel}","templated":true}]}}