{"id":11841,"date":"2024-03-07T14:05:01","date_gmt":"2024-03-07T13:05:01","guid":{"rendered":"https:\/\/www.promotio.sk\/shop\/nezaraden\u00e9\/soyuz\/"},"modified":"2024-03-07T14:05:35","modified_gmt":"2024-03-07T13:05:35","slug":"soyuz","status":"publish","type":"product","link":"https:\/\/www.promotio.sk\/sk\/shop\/promo-items\/technology\/chargers\/soyuz\/","title":{"rendered":"S\u00d3JUZ"},"content":{"rendered":"<p>Bezdr\u00f4tov\u00e1 nab\u00edja\u010dka vyroben\u00e1 s bielym ABS telom a bambusov\u00fdm povrchom s v\u00fdkonom 5W. Polo\u017ete na\u0148 svoj smartf\u00f3n a nechajte ho nab\u00edja\u0165. Vr\u00e1tane k\u00e1bla. <br \/>Zlo\u017eenie: plast a bambus.<br \/>Pozn\u00e1mky: Vstupn\u00e9 nap\u00e4tie: DC 5V\/2,0A<br \/>\nKompatibiln\u00e9 s modelmi s bezdr\u00f4tovou technol\u00f3giou.<br \/>\n5 W.<br \/>\nPrezent\u00e1cia v ekologickom dizajnovom boxe.<br \/>\nN\u00e1vod na pou\u017eitie je dostupn\u00fd v 5 jazykoch: \u0161paniel\u010dina, angli\u010dtina, portugal\u010dina, franc\u00faz\u0161tina a talian\u010dina. <\/p>","protected":false},"excerpt":{"rendered":"<p>Wireless charger made with white ABS body and bamboo surface, with 5W power. Place your smartphone on top of it<\/p>","protected":false},"featured_media":11842,"comment_status":"open","ping_status":"closed","template":"","meta":[],"product_cat":[289,286],"product_tag":[],"class_list":{"0":"post-11841","1":"product","2":"type-product","3":"status-publish","4":"has-post-thumbnail","6":"product_cat-chargers","7":"product_cat-technology","9":"first","10":"instock","11":"shipping-taxable","12":"purchasable","13":"product-type-variable"},"_links":{"self":[{"href":"https:\/\/www.promotio.sk\/sk\/wp-json\/wp\/v2\/product\/11841","targetHints":{"allow":["GET"]}}],"collection":[{"href":"https:\/\/www.promotio.sk\/sk\/wp-json\/wp\/v2\/product"}],"about":[{"href":"https:\/\/www.promotio.sk\/sk\/wp-json\/wp\/v2\/types\/product"}],"replies":[{"embeddable":true,"href":"https:\/\/www.promotio.sk\/sk\/wp-json\/wp\/v2\/comments?post=11841"}],"wp:featuredmedia":[{"embeddable":true,"href":"https:\/\/www.promotio.sk\/sk\/wp-json\/wp\/v2\/media\/11842"}],"wp:attachment":[{"href":"https:\/\/www.promotio.sk\/sk\/wp-json\/wp\/v2\/media?parent=11841"}],"wp:term":[{"taxonomy":"product_cat","embeddable":true,"href":"https:\/\/www.promotio.sk\/sk\/wp-json\/wp\/v2\/product_cat?post=11841"},{"taxonomy":"product_tag","embeddable":true,"href":"https:\/\/www.promotio.sk\/sk\/wp-json\/wp\/v2\/product_tag?post=11841"}],"curies":[{"name":"wp","href":"https:\/\/api.w.org\/{rel}","templated":true}]}}