{"id":11839,"date":"2024-03-07T14:04:57","date_gmt":"2024-03-07T13:04:57","guid":{"rendered":"https:\/\/www.promotio.sk\/shop\/nezaraden\u00e9\/serbal\/"},"modified":"2024-03-07T14:05:58","modified_gmt":"2024-03-07T13:05:58","slug":"serbal","status":"publish","type":"product","link":"https:\/\/www.promotio.sk\/sk\/shop\/promo-items\/technology\/tech_accessories\/serbal\/","title":{"rendered":"SRBAL"},"content":{"rendered":"<p>Obd\u013a\u017enikov\u00e1 podlo\u017eka pod my\u0161 s kalend\u00e1rom. Pokryt\u00e9 farbou a prieh\u013eadnos\u0165ou, po ktorej m\u00f4\u017eete vidie\u0165 zodpovedaj\u00faci list mesiaca. Kryt je zdvihnut\u00fd, aby ste sa dostali k 12-listov\u00e9mu kalend\u00e1ru v \u0161paniel\u010dine a angli\u010dtine, z ktor\u00e9ho s\u00fa odtrhnut\u00e9 listy. Na ka\u017edom mesa\u010dnom h\u00e1rku sa zobraz\u00ed aktu\u00e1lny mesiac, predch\u00e1dzaj\u00faci mesiac a nasleduj\u00faci mesiac. \u010cierna proti\u0161mykov\u00e1 z\u00e1klad\u0148a. Gram\u00e1\u017e papiera 80 g\/m\u00b2. Hr\u00fabka po\u0165ahu 0,3 cm.<br \/>Zlo\u017eenie: Obal: PP<br \/>\nZ\u00e1klad: EVA<br \/>\nKalend\u00e1r: papier<\/p>","protected":false},"excerpt":{"rendered":"<p>Rectangular mouse pad with calendar. Covered in a colour and transparent, after which you can see the corresponding sheet of<\/p>","protected":false},"featured_media":11840,"comment_status":"open","ping_status":"closed","template":"","meta":[],"product_cat":[291,286],"product_tag":[],"class_list":{"0":"post-11839","1":"product","2":"type-product","3":"status-publish","4":"has-post-thumbnail","6":"product_cat-tech_accessories","7":"product_cat-technology","9":"first","10":"instock","11":"shipping-taxable","12":"purchasable","13":"product-type-variable"},"_links":{"self":[{"href":"https:\/\/www.promotio.sk\/sk\/wp-json\/wp\/v2\/product\/11839","targetHints":{"allow":["GET"]}}],"collection":[{"href":"https:\/\/www.promotio.sk\/sk\/wp-json\/wp\/v2\/product"}],"about":[{"href":"https:\/\/www.promotio.sk\/sk\/wp-json\/wp\/v2\/types\/product"}],"replies":[{"embeddable":true,"href":"https:\/\/www.promotio.sk\/sk\/wp-json\/wp\/v2\/comments?post=11839"}],"wp:featuredmedia":[{"embeddable":true,"href":"https:\/\/www.promotio.sk\/sk\/wp-json\/wp\/v2\/media\/11840"}],"wp:attachment":[{"href":"https:\/\/www.promotio.sk\/sk\/wp-json\/wp\/v2\/media?parent=11839"}],"wp:term":[{"taxonomy":"product_cat","embeddable":true,"href":"https:\/\/www.promotio.sk\/sk\/wp-json\/wp\/v2\/product_cat?post=11839"},{"taxonomy":"product_tag","embeddable":true,"href":"https:\/\/www.promotio.sk\/sk\/wp-json\/wp\/v2\/product_tag?post=11839"}],"curies":[{"name":"wp","href":"https:\/\/api.w.org\/{rel}","templated":true}]}}