{"id":11812,"date":"2024-03-07T14:03:47","date_gmt":"2024-03-07T13:03:47","guid":{"rendered":"https:\/\/www.promotio.sk\/shop\/nezaraden\u00e9\/nostro\/"},"modified":"2024-03-07T14:04:55","modified_gmt":"2024-03-07T13:04:55","slug":"nostro","status":"publish","type":"product","link":"https:\/\/www.promotio.sk\/sk\/shop\/promo-items\/technology\/tech_accessories\/nostro\/","title":{"rendered":"NOSTRO"},"content":{"rendered":"<p>Multifunk\u010dn\u00fd dr\u017eiak na mobil, nalepovac\u00ed. V\u010faka oto\u010dn\u00e9mu prstencu o 360\u00ba m\u00f4\u017eete svoj telef\u00f3n jednoduch\u0161ie vzia\u0165 a dokonca ho polo\u017ei\u0165 na povrch. Minca na integrovan\u00fd voz\u00edk. <\/p>","protected":false},"excerpt":{"rendered":"<p>Multifunction mobile phone holder, adhesive. You can take your phone in a simpler way, thanks to its 360\u00ba rotating ring,<\/p>","protected":false},"featured_media":11813,"comment_status":"open","ping_status":"closed","template":"","meta":[],"product_cat":[291,286],"product_tag":[],"class_list":{"0":"post-11812","1":"product","2":"type-product","3":"status-publish","4":"has-post-thumbnail","6":"product_cat-tech_accessories","7":"product_cat-technology","9":"first","10":"instock","11":"shipping-taxable","12":"purchasable","13":"product-type-variable"},"_links":{"self":[{"href":"https:\/\/www.promotio.sk\/sk\/wp-json\/wp\/v2\/product\/11812","targetHints":{"allow":["GET"]}}],"collection":[{"href":"https:\/\/www.promotio.sk\/sk\/wp-json\/wp\/v2\/product"}],"about":[{"href":"https:\/\/www.promotio.sk\/sk\/wp-json\/wp\/v2\/types\/product"}],"replies":[{"embeddable":true,"href":"https:\/\/www.promotio.sk\/sk\/wp-json\/wp\/v2\/comments?post=11812"}],"wp:featuredmedia":[{"embeddable":true,"href":"https:\/\/www.promotio.sk\/sk\/wp-json\/wp\/v2\/media\/11813"}],"wp:attachment":[{"href":"https:\/\/www.promotio.sk\/sk\/wp-json\/wp\/v2\/media?parent=11812"}],"wp:term":[{"taxonomy":"product_cat","embeddable":true,"href":"https:\/\/www.promotio.sk\/sk\/wp-json\/wp\/v2\/product_cat?post=11812"},{"taxonomy":"product_tag","embeddable":true,"href":"https:\/\/www.promotio.sk\/sk\/wp-json\/wp\/v2\/product_tag?post=11812"}],"curies":[{"name":"wp","href":"https:\/\/api.w.org\/{rel}","templated":true}]}}