{"id":11810,"date":"2024-03-07T14:03:45","date_gmt":"2024-03-07T13:03:45","guid":{"rendered":"https:\/\/www.promotio.sk\/shop\/nezaraden\u00e9\/gordon\/"},"modified":"2024-03-07T14:04:46","modified_gmt":"2024-03-07T13:04:46","slug":"gordon","status":"publish","type":"product","link":"https:\/\/www.promotio.sk\/sk\/shop\/promo-items\/technology\/chargers\/gordon\/","title":{"rendered":"GORDON"},"content":{"rendered":"<p>Univerz\u00e1lny cestovn\u00fd adapt\u00e9r, platn\u00fd pre pou\u017eitie v Eur\u00f3pe, \u00c1zii, Ve\u013ekej Brit\u00e1nii, USA, Austr\u00e1lii.<br \/>\n<br \/>Pozn\u00e1mky: Nap\u00e1janie striedav\u00fdm pr\u00fadom: 100-250 V (660W max. pri 110V, 1380W max. pri 230V).<br \/>\nZabudovan\u00fd bezpe\u010dnostn\u00fd mechanizmus.<br \/>\nN\u00e1vod na pou\u017eitie je k dispoz\u00edcii v 2 jazykoch: \u0161paniel\u010dina a angli\u010dtina.<br \/>\nNeobsahuje poistku<br \/>\nPrezent\u00e1cia v bielej krabici. <\/p>","protected":false},"excerpt":{"rendered":"<p>Universal travel adapter, valid for use in Europe, Asia, UK, USA, Australia. Remarks: AC power: 100-250 V (660W max. at<\/p>","protected":false},"featured_media":11811,"comment_status":"open","ping_status":"closed","template":"","meta":[],"product_cat":[289,286],"product_tag":[],"class_list":{"0":"post-11810","1":"product","2":"type-product","3":"status-publish","4":"has-post-thumbnail","6":"product_cat-chargers","7":"product_cat-technology","9":"first","10":"instock","11":"shipping-taxable","12":"purchasable","13":"product-type-variable"},"_links":{"self":[{"href":"https:\/\/www.promotio.sk\/sk\/wp-json\/wp\/v2\/product\/11810","targetHints":{"allow":["GET"]}}],"collection":[{"href":"https:\/\/www.promotio.sk\/sk\/wp-json\/wp\/v2\/product"}],"about":[{"href":"https:\/\/www.promotio.sk\/sk\/wp-json\/wp\/v2\/types\/product"}],"replies":[{"embeddable":true,"href":"https:\/\/www.promotio.sk\/sk\/wp-json\/wp\/v2\/comments?post=11810"}],"wp:featuredmedia":[{"embeddable":true,"href":"https:\/\/www.promotio.sk\/sk\/wp-json\/wp\/v2\/media\/11811"}],"wp:attachment":[{"href":"https:\/\/www.promotio.sk\/sk\/wp-json\/wp\/v2\/media?parent=11810"}],"wp:term":[{"taxonomy":"product_cat","embeddable":true,"href":"https:\/\/www.promotio.sk\/sk\/wp-json\/wp\/v2\/product_cat?post=11810"},{"taxonomy":"product_tag","embeddable":true,"href":"https:\/\/www.promotio.sk\/sk\/wp-json\/wp\/v2\/product_tag?post=11810"}],"curies":[{"name":"wp","href":"https:\/\/api.w.org\/{rel}","templated":true}]}}