{"id":11787,"date":"2024-03-07T14:02:25","date_gmt":"2024-03-07T13:02:25","guid":{"rendered":"https:\/\/www.promotio.sk\/shop\/nezaraden\u00e9\/bopp\/"},"modified":"2024-03-07T14:03:42","modified_gmt":"2024-03-07T13:03:42","slug":"bopp","status":"publish","type":"product","link":"https:\/\/www.promotio.sk\/sk\/shop\/promo-items\/technology\/chargers\/bopp\/","title":{"rendered":"BOPP"},"content":{"rendered":"<p>Univerz\u00e1lny cestovn\u00fd adapt\u00e9r s kompaktn\u00fdm a v\u00fdsuvn\u00fdm dizajnom, s LED svetlom. Navrhnut\u00e9 s matn\u00fdm povrchom a jemn\u00fdm dotykom. Plat\u00ed pre pou\u017eitie v Eur\u00f3pe, \u00c1zii, Ve\u013ekej Brit\u00e1nii, USA, Austr\u00e1lii. M\u00e1 2 USB v\u00fdstupy a m\u00e1 r\u00fdchlos\u0165 nab\u00edjania 2100 mAh.<br \/>\n<br \/>Pozn\u00e1mky: Nap\u00e1janie striedav\u00fdm pr\u00fadom: 6A max. 100-250 V (660W max. pri 110V, 1380W max. pri 230V).<br \/>\nUSB nap\u00e1janie: 5V\/2,1A alebo 1A.<br \/>\nZabudovan\u00fd bezpe\u010dnostn\u00fd mechanizmus.<br \/>\nLED sveteln\u00fd indik\u00e1tor.<br \/>\nZabudovan\u00e1 6A poistka.<br \/>\nUSB port pre nab\u00edjanie cez USB k\u00e1bel.<br \/>\nN\u00e1vod na pou\u017eitie je k dispoz\u00edcii v 2 jazykoch: \u0161paniel\u010dina a angli\u010dtina.<br \/>\nPrezent\u00e1cia v bielej krabici.<\/p>","protected":false},"excerpt":{"rendered":"<p>Universal travel adapter with compact and retractable design, with LED light. Designed with a matte finish and soft touch. Valid<\/p>","protected":false},"featured_media":11788,"comment_status":"open","ping_status":"closed","template":"","meta":[],"product_cat":[289,286],"product_tag":[],"class_list":{"0":"post-11787","1":"product","2":"type-product","3":"status-publish","4":"has-post-thumbnail","6":"product_cat-chargers","7":"product_cat-technology","9":"first","10":"instock","11":"shipping-taxable","12":"purchasable","13":"product-type-variable"},"_links":{"self":[{"href":"https:\/\/www.promotio.sk\/sk\/wp-json\/wp\/v2\/product\/11787","targetHints":{"allow":["GET"]}}],"collection":[{"href":"https:\/\/www.promotio.sk\/sk\/wp-json\/wp\/v2\/product"}],"about":[{"href":"https:\/\/www.promotio.sk\/sk\/wp-json\/wp\/v2\/types\/product"}],"replies":[{"embeddable":true,"href":"https:\/\/www.promotio.sk\/sk\/wp-json\/wp\/v2\/comments?post=11787"}],"wp:featuredmedia":[{"embeddable":true,"href":"https:\/\/www.promotio.sk\/sk\/wp-json\/wp\/v2\/media\/11788"}],"wp:attachment":[{"href":"https:\/\/www.promotio.sk\/sk\/wp-json\/wp\/v2\/media?parent=11787"}],"wp:term":[{"taxonomy":"product_cat","embeddable":true,"href":"https:\/\/www.promotio.sk\/sk\/wp-json\/wp\/v2\/product_cat?post=11787"},{"taxonomy":"product_tag","embeddable":true,"href":"https:\/\/www.promotio.sk\/sk\/wp-json\/wp\/v2\/product_tag?post=11787"}],"curies":[{"name":"wp","href":"https:\/\/api.w.org\/{rel}","templated":true}]}}