{"id":11785,"date":"2024-03-07T14:02:21","date_gmt":"2024-03-07T13:02:21","guid":{"rendered":"https:\/\/www.promotio.sk\/shop\/nezaraden\u00e9\/silvano\/"},"modified":"2024-03-07T14:03:35","modified_gmt":"2024-03-07T13:03:35","slug":"silvano","status":"publish","type":"product","link":"https:\/\/www.promotio.sk\/sk\/shop\/promo-items\/technology\/tech_accessories\/silvano\/","title":{"rendered":"SILVANO"},"content":{"rendered":"<p>Podlo\u017eka pod my\u0161 z m\u00e4kk\u00e9ho polyesteru s polstrovanou opierkou z\u00e1p\u00e4stia. Proti\u0161mykov\u00e1 gumov\u00e1 z\u00e1klad\u0148a. Dizajn tejto podlo\u017eky v\u00e1m umo\u017en\u00ed oprie\u0165 si z\u00e1p\u00e4stia pri pr\u00e1ci. <br \/>Zlo\u017eenie: M\u00e4kk\u00fd polyester.<\/p>","protected":false},"excerpt":{"rendered":"<p>Mouse mat made of soft polyester with padded wrist rest. Non-Slip rubber base. The design of this mat allows you<\/p>","protected":false},"featured_media":11786,"comment_status":"open","ping_status":"closed","template":"","meta":[],"product_cat":[291,286],"product_tag":[],"class_list":{"0":"post-11785","1":"product","2":"type-product","3":"status-publish","4":"has-post-thumbnail","6":"product_cat-tech_accessories","7":"product_cat-technology","9":"first","10":"instock","11":"shipping-taxable","12":"purchasable","13":"product-type-variable"},"_links":{"self":[{"href":"https:\/\/www.promotio.sk\/sk\/wp-json\/wp\/v2\/product\/11785","targetHints":{"allow":["GET"]}}],"collection":[{"href":"https:\/\/www.promotio.sk\/sk\/wp-json\/wp\/v2\/product"}],"about":[{"href":"https:\/\/www.promotio.sk\/sk\/wp-json\/wp\/v2\/types\/product"}],"replies":[{"embeddable":true,"href":"https:\/\/www.promotio.sk\/sk\/wp-json\/wp\/v2\/comments?post=11785"}],"wp:featuredmedia":[{"embeddable":true,"href":"https:\/\/www.promotio.sk\/sk\/wp-json\/wp\/v2\/media\/11786"}],"wp:attachment":[{"href":"https:\/\/www.promotio.sk\/sk\/wp-json\/wp\/v2\/media?parent=11785"}],"wp:term":[{"taxonomy":"product_cat","embeddable":true,"href":"https:\/\/www.promotio.sk\/sk\/wp-json\/wp\/v2\/product_cat?post=11785"},{"taxonomy":"product_tag","embeddable":true,"href":"https:\/\/www.promotio.sk\/sk\/wp-json\/wp\/v2\/product_tag?post=11785"}],"curies":[{"name":"wp","href":"https:\/\/api.w.org\/{rel}","templated":true}]}}