{"id":11760,"date":"2024-03-07T14:00:56","date_gmt":"2024-03-07T13:00:56","guid":{"rendered":"https:\/\/www.promotio.sk\/shop\/nezaraden\u00e9\/sira\/"},"modified":"2024-03-07T14:02:20","modified_gmt":"2024-03-07T13:02:20","slug":"sira","status":"publish","type":"product","link":"https:\/\/www.promotio.sk\/sk\/shop\/promo-items\/technology\/tech_accessories\/sira\/","title":{"rendered":"SIRA"},"content":{"rendered":"<p>Ploch\u00e1 podlo\u017eka pod my\u0161 s m\u00e4kk\u00fdm polyesterov\u00fdm povrchom a proti\u0161mykovou gumenou z\u00e1klad\u0148ou. <br \/>Zlo\u017eenie: Polyesterov\u00fd povrch a gumen\u00e1 z\u00e1klad\u0148a.<\/p>","protected":false},"excerpt":{"rendered":"<p>Flat design mouse pad, with a soft polyester surface and non-slip rubber base. Composition: Polyester surface and rubber base.<\/p>","protected":false},"featured_media":11761,"comment_status":"open","ping_status":"closed","template":"","meta":[],"product_cat":[291,286],"product_tag":[],"class_list":{"0":"post-11760","1":"product","2":"type-product","3":"status-publish","4":"has-post-thumbnail","6":"product_cat-tech_accessories","7":"product_cat-technology","9":"first","10":"instock","11":"shipping-taxable","12":"purchasable","13":"product-type-variable"},"_links":{"self":[{"href":"https:\/\/www.promotio.sk\/sk\/wp-json\/wp\/v2\/product\/11760","targetHints":{"allow":["GET"]}}],"collection":[{"href":"https:\/\/www.promotio.sk\/sk\/wp-json\/wp\/v2\/product"}],"about":[{"href":"https:\/\/www.promotio.sk\/sk\/wp-json\/wp\/v2\/types\/product"}],"replies":[{"embeddable":true,"href":"https:\/\/www.promotio.sk\/sk\/wp-json\/wp\/v2\/comments?post=11760"}],"wp:featuredmedia":[{"embeddable":true,"href":"https:\/\/www.promotio.sk\/sk\/wp-json\/wp\/v2\/media\/11761"}],"wp:attachment":[{"href":"https:\/\/www.promotio.sk\/sk\/wp-json\/wp\/v2\/media?parent=11760"}],"wp:term":[{"taxonomy":"product_cat","embeddable":true,"href":"https:\/\/www.promotio.sk\/sk\/wp-json\/wp\/v2\/product_cat?post=11760"},{"taxonomy":"product_tag","embeddable":true,"href":"https:\/\/www.promotio.sk\/sk\/wp-json\/wp\/v2\/product_tag?post=11760"}],"curies":[{"name":"wp","href":"https:\/\/api.w.org\/{rel}","templated":true}]}}