{"id":11758,"date":"2024-03-07T14:00:51","date_gmt":"2024-03-07T13:00:51","guid":{"rendered":"https:\/\/www.promotio.sk\/shop\/nezaraden\u00e9\/falcon\/"},"modified":"2024-03-07T14:01:48","modified_gmt":"2024-03-07T13:01:48","slug":"falcon","status":"publish","type":"product","link":"https:\/\/www.promotio.sk\/sk\/shop\/promo-items\/technology\/chargers\/falcon\/","title":{"rendered":"FALCON"},"content":{"rendered":"<p>Bezdr\u00f4tov\u00e1 nab\u00edja\u010dka s v\u00fdkonom 10W, vyroben\u00e1 z hlin\u00edkov\u00e9ho tela. Pripojte ho, polo\u017ete na\u0148 smartf\u00f3n a nechajte ho nab\u00edja\u0165. Svetlo bude indikova\u0165, \u017ee sa nab\u00edja. Kompatibiln\u00e9 so zariadeniami s technol\u00f3giou bezdr\u00f4tov\u00e9ho nab\u00edjania. DC 5V\/1,0A. Vr\u00e1tane k\u00e1bla.<br \/>Zlo\u017eenie: hlin\u00edkov\u00e9 telo.<br \/>Pozn\u00e1mky: Vstupn\u00e9 nap\u00e4tie: 5V 2A &amp; 9V 1,67A. Vstupn\u00fd v\u00fdkon: 15W (MAX).<br \/>\nV\u00fdstupn\u00fd v\u00fdkon: 10W (MAX).<br \/>\n\u00da\u010dinnos\u0165 nab\u00edjania: \u2264 83%<br \/>\nN\u00e1vod na pou\u017eitie je dostupn\u00fd v 6 jazykoch: \u0161paniel\u010dina, angli\u010dtina, portugal\u010dina, nem\u010dina, franc\u00faz\u0161tina a talian\u010dina.<br \/>\nPrezent\u00e1cia v dizajnovom boxe. <\/p>","protected":false},"excerpt":{"rendered":"<p>Wireless charger with 10W of power, made with aluminum body. Connect it, place your smartphone on top of it and<\/p>","protected":false},"featured_media":11759,"comment_status":"open","ping_status":"closed","template":"","meta":[],"product_cat":[289,286],"product_tag":[],"class_list":{"0":"post-11758","1":"product","2":"type-product","3":"status-publish","4":"has-post-thumbnail","6":"product_cat-chargers","7":"product_cat-technology","9":"first","10":"instock","11":"shipping-taxable","12":"purchasable","13":"product-type-variable"},"_links":{"self":[{"href":"https:\/\/www.promotio.sk\/sk\/wp-json\/wp\/v2\/product\/11758","targetHints":{"allow":["GET"]}}],"collection":[{"href":"https:\/\/www.promotio.sk\/sk\/wp-json\/wp\/v2\/product"}],"about":[{"href":"https:\/\/www.promotio.sk\/sk\/wp-json\/wp\/v2\/types\/product"}],"replies":[{"embeddable":true,"href":"https:\/\/www.promotio.sk\/sk\/wp-json\/wp\/v2\/comments?post=11758"}],"wp:featuredmedia":[{"embeddable":true,"href":"https:\/\/www.promotio.sk\/sk\/wp-json\/wp\/v2\/media\/11759"}],"wp:attachment":[{"href":"https:\/\/www.promotio.sk\/sk\/wp-json\/wp\/v2\/media?parent=11758"}],"wp:term":[{"taxonomy":"product_cat","embeddable":true,"href":"https:\/\/www.promotio.sk\/sk\/wp-json\/wp\/v2\/product_cat?post=11758"},{"taxonomy":"product_tag","embeddable":true,"href":"https:\/\/www.promotio.sk\/sk\/wp-json\/wp\/v2\/product_tag?post=11758"}],"curies":[{"name":"wp","href":"https:\/\/api.w.org\/{rel}","templated":true}]}}