{"id":11735,"date":"2024-03-07T13:59:35","date_gmt":"2024-03-07T12:59:35","guid":{"rendered":"https:\/\/www.promotio.sk\/shop\/nezaraden\u00e9\/lander\/"},"modified":"2024-03-07T14:00:36","modified_gmt":"2024-03-07T13:00:36","slug":"lander","status":"publish","type":"product","link":"https:\/\/www.promotio.sk\/sk\/shop\/promo-items\/technology\/chargers\/lander\/","title":{"rendered":"LANDER"},"content":{"rendered":"<p>Bezdr\u00f4tov\u00e1 nab\u00edjacia z\u00e1klad\u0148a pre smartf\u00f3n. Pripojte zariadenie, polo\u017ete na\u0148 smartf\u00f3n a nechajte ho nab\u00edja\u0165. Kompatibiln\u00e9 so zariadeniami s technol\u00f3giou bezdr\u00f4tov\u00e9ho nab\u00edjania. 5W v\u00fdkon. Vr\u00e1tane k\u00e1bla. <br \/>Pozn\u00e1mky: Vstupn\u00e9 nap\u00e4tie: 5V 2A<br \/>\nVstupn\u00fd v\u00fdkon: 5W (MAX).<br \/>\nV\u00fdstupn\u00fd v\u00fdkon: 5W (MAX).<br \/>\n\u00da\u010dinnos\u0165 nab\u00edjania: \u2264 83%<br \/>\nN\u00e1vod na pou\u017eitie je k dispoz\u00edcii v 2 jazykoch: \u0161paniel\u010dina a angli\u010dtina.<br \/>\nDod\u00e1van\u00e9 v dizajnovom boxe. <\/p>","protected":false},"excerpt":{"rendered":"<p>Wireless charging base for smartphone. Connect the device, place your smartphone on top of it and leave it to charge.<\/p>","protected":false},"featured_media":11736,"comment_status":"open","ping_status":"closed","template":"","meta":[],"product_cat":[289,286],"product_tag":[],"class_list":{"0":"post-11735","1":"product","2":"type-product","3":"status-publish","4":"has-post-thumbnail","6":"product_cat-chargers","7":"product_cat-technology","9":"first","10":"instock","11":"shipping-taxable","12":"purchasable","13":"product-type-variable"},"_links":{"self":[{"href":"https:\/\/www.promotio.sk\/sk\/wp-json\/wp\/v2\/product\/11735","targetHints":{"allow":["GET"]}}],"collection":[{"href":"https:\/\/www.promotio.sk\/sk\/wp-json\/wp\/v2\/product"}],"about":[{"href":"https:\/\/www.promotio.sk\/sk\/wp-json\/wp\/v2\/types\/product"}],"replies":[{"embeddable":true,"href":"https:\/\/www.promotio.sk\/sk\/wp-json\/wp\/v2\/comments?post=11735"}],"wp:featuredmedia":[{"embeddable":true,"href":"https:\/\/www.promotio.sk\/sk\/wp-json\/wp\/v2\/media\/11736"}],"wp:attachment":[{"href":"https:\/\/www.promotio.sk\/sk\/wp-json\/wp\/v2\/media?parent=11735"}],"wp:term":[{"taxonomy":"product_cat","embeddable":true,"href":"https:\/\/www.promotio.sk\/sk\/wp-json\/wp\/v2\/product_cat?post=11735"},{"taxonomy":"product_tag","embeddable":true,"href":"https:\/\/www.promotio.sk\/sk\/wp-json\/wp\/v2\/product_tag?post=11735"}],"curies":[{"name":"wp","href":"https:\/\/api.w.org\/{rel}","templated":true}]}}