{"id":11716,"date":"2024-03-07T13:58:34","date_gmt":"2024-03-07T12:58:34","guid":{"rendered":"https:\/\/www.promotio.sk\/shop\/nezaraden\u00e9\/pulper\/"},"modified":"2024-03-07T13:59:22","modified_gmt":"2024-03-07T12:59:22","slug":"pulper","status":"publish","type":"product","link":"https:\/\/www.promotio.sk\/sk\/shop\/promo-items\/technology\/chargers\/pulper\/","title":{"rendered":"ROZVL\u00c1K\u0147OVA\u010c"},"content":{"rendered":"<p>Univerz\u00e1lny cestovn\u00fd adapt\u00e9r. Dva v\u00fdstupn\u00e9 porty USB a jeden typ C. Plat\u00ed pre pou\u017eitie v Eur\u00f3pe, \u00c1zii, Ve\u013ekej Brit\u00e1nii, USA a Austr\u00e1lii. Prezent\u00e1cia v bielej krabici.<br \/>Pozn\u00e1mky: Potencia AC: 100-240 V (660W max. a 110V, 1380W max. a 230V).<br \/>\nSalida USB: 5V 3,1A<br \/>\nFusible integrado 6A<br \/>\nZah\u0155\u0148a LED indik\u00e1tor<br \/>\nMecanismo de seguridad incorporado.<br \/>\nPrezent\u00e1cia en caja blanca.<\/p>","protected":false},"excerpt":{"rendered":"<p>Universal travel adapter. Two USB and one Type C output ports. Valid for use in Europe, Asia, UK, USA and<\/p>","protected":false},"featured_media":11717,"comment_status":"open","ping_status":"closed","template":"","meta":[],"product_cat":[289,286],"product_tag":[],"class_list":{"0":"post-11716","1":"product","2":"type-product","3":"status-publish","4":"has-post-thumbnail","6":"product_cat-chargers","7":"product_cat-technology","9":"first","10":"instock","11":"shipping-taxable","12":"purchasable","13":"product-type-variable"},"_links":{"self":[{"href":"https:\/\/www.promotio.sk\/sk\/wp-json\/wp\/v2\/product\/11716","targetHints":{"allow":["GET"]}}],"collection":[{"href":"https:\/\/www.promotio.sk\/sk\/wp-json\/wp\/v2\/product"}],"about":[{"href":"https:\/\/www.promotio.sk\/sk\/wp-json\/wp\/v2\/types\/product"}],"replies":[{"embeddable":true,"href":"https:\/\/www.promotio.sk\/sk\/wp-json\/wp\/v2\/comments?post=11716"}],"wp:featuredmedia":[{"embeddable":true,"href":"https:\/\/www.promotio.sk\/sk\/wp-json\/wp\/v2\/media\/11717"}],"wp:attachment":[{"href":"https:\/\/www.promotio.sk\/sk\/wp-json\/wp\/v2\/media?parent=11716"}],"wp:term":[{"taxonomy":"product_cat","embeddable":true,"href":"https:\/\/www.promotio.sk\/sk\/wp-json\/wp\/v2\/product_cat?post=11716"},{"taxonomy":"product_tag","embeddable":true,"href":"https:\/\/www.promotio.sk\/sk\/wp-json\/wp\/v2\/product_tag?post=11716"}],"curies":[{"name":"wp","href":"https:\/\/api.w.org\/{rel}","templated":true}]}}