{"id":11675,"date":"2024-03-07T13:56:19","date_gmt":"2024-03-07T12:56:19","guid":{"rendered":"https:\/\/www.promotio.sk\/shop\/nezaraden\u00e9\/dorian\/"},"modified":"2024-03-07T13:57:40","modified_gmt":"2024-03-07T12:57:40","slug":"dorian","status":"publish","type":"product","link":"https:\/\/www.promotio.sk\/sk\/shop\/promo-items\/technology\/usb_flash_drivers\/dorian\/","title":{"rendered":"DORIAN"},"content":{"rendered":"<p>USB port s telom vyroben\u00fdm z kvalitn\u00e9ho recyklovan\u00e9ho hlin\u00edka. Tento v\u0161estrann\u00fd port je vybaven\u00fd vstupom USB a Type-C, ako aj 2-portov\u00fdm v\u00fdstupom USB a Type-C, \u010do v\u00e1m poskytuje viacero mo\u017enost\u00ed efekt\u00edvneho a pohodln\u00e9ho nab\u00edjania va\u0161ich zariaden\u00ed.<\/p>\n<p>\u010ci u\u017e potrebujete nabi\u0165 telef\u00f3n, tablet alebo ak\u00e9ko\u013evek in\u00e9 kompatibiln\u00e9 zariadenie, n\u00e1\u0161 USB port v\u00e1m pon\u00faka praktick\u00e9 a spo\u013eahliv\u00e9 rie\u0161enie. Jeho dizajn z recyklovan\u00e9ho hlin\u00edka navy\u0161e odr\u00e1\u017ea n\u00e1\u0161 z\u00e1v\u00e4zok k udr\u017eate\u013enosti a starostlivosti o \u017eivotn\u00e9 prostredie.<\/p>\n<p>Na dokon\u010denie n\u00e1\u0161ho ekologick\u00e9ho n\u00e1vrhu uv\u00e1dzame tento USB port v krabici navrhnutej z ekologick\u00fdch materi\u00e1lov. Chceme zabezpe\u010di\u0165, aby ste sa nielen te\u0161ili z kvalitn\u00e9ho produktu, ale tie\u017e prispeli k zn\u00ed\u017eeniu v\u00e1\u0161ho dopadu na \u017eivotn\u00e9 prostredie.<br \/>Zlo\u017eenie: Aluminio reciclado<br \/>Pozn\u00e1mky: Puerto USB de bamb\u00fa s 3 portami USB 2.0 HUB (2 porty USB-A a 1 port USB-C). Kompatibiln\u00e9 s USB 1.1 a 2.0 Vstup: 5V. V\u00fdstup: 5V 1A.<br \/>\nPrezent\u00e1cia caja dise\u00f1o eco.<\/p>","protected":false},"excerpt":{"rendered":"<p>USB port with a body made of high-quality recycled aluminium. This versatile port features a USB and Type-C input, as<\/p>","protected":false},"featured_media":11676,"comment_status":"open","ping_status":"closed","template":"","meta":[],"product_cat":[286,288],"product_tag":[],"class_list":{"0":"post-11675","1":"product","2":"type-product","3":"status-publish","4":"has-post-thumbnail","6":"product_cat-technology","7":"product_cat-usb_flash_drivers","9":"first","10":"instock","11":"shipping-taxable","12":"purchasable","13":"product-type-variable"},"_links":{"self":[{"href":"https:\/\/www.promotio.sk\/sk\/wp-json\/wp\/v2\/product\/11675","targetHints":{"allow":["GET"]}}],"collection":[{"href":"https:\/\/www.promotio.sk\/sk\/wp-json\/wp\/v2\/product"}],"about":[{"href":"https:\/\/www.promotio.sk\/sk\/wp-json\/wp\/v2\/types\/product"}],"replies":[{"embeddable":true,"href":"https:\/\/www.promotio.sk\/sk\/wp-json\/wp\/v2\/comments?post=11675"}],"wp:featuredmedia":[{"embeddable":true,"href":"https:\/\/www.promotio.sk\/sk\/wp-json\/wp\/v2\/media\/11676"}],"wp:attachment":[{"href":"https:\/\/www.promotio.sk\/sk\/wp-json\/wp\/v2\/media?parent=11675"}],"wp:term":[{"taxonomy":"product_cat","embeddable":true,"href":"https:\/\/www.promotio.sk\/sk\/wp-json\/wp\/v2\/product_cat?post=11675"},{"taxonomy":"product_tag","embeddable":true,"href":"https:\/\/www.promotio.sk\/sk\/wp-json\/wp\/v2\/product_tag?post=11675"}],"curies":[{"name":"wp","href":"https:\/\/api.w.org\/{rel}","templated":true}]}}