{"id":11662,"date":"2024-03-07T13:55:38","date_gmt":"2024-03-07T12:55:38","guid":{"rendered":"https:\/\/www.promotio.sk\/shop\/nezaraden\u00e9\/lumax\/"},"modified":"2024-03-07T13:56:42","modified_gmt":"2024-03-07T12:56:42","slug":"lumax","status":"publish","type":"product","link":"https:\/\/www.promotio.sk\/sk\/shop\/promo-items\/technology\/tech_accessories\/lumax\/","title":{"rendered":"LUMAX"},"content":{"rendered":"<p>LED svetlo pre smartf\u00f3n, nevyhnutn\u00fd doplnok pre v\u0161etky va\u0161e fotografick\u00e9 a video potreby. Toto kompaktn\u00e9 kruhov\u00e9 svetlo m\u00e1 tri nastavite\u013en\u00e9 \u00farovne intenzity na vylep\u0161enie va\u0161ich selfies alebo videohovorov.<\/p>\n<p>Sveteln\u00fd kr\u00fa\u017eok sa \u013eahko pripevn\u00ed k v\u00e1\u0161mu smartf\u00f3nu a poskytuje rovnomern\u00e9 a lichotiv\u00e9 osvetlenie va\u0161ich z\u00e1berov. \u010ci u\u017e ste v prostred\u00ed so slab\u00fdm osvetlen\u00edm, alebo len chcete zd\u00f4razni\u0165 svoju prirodzen\u00fa kr\u00e1su, toto LED svetlo zaist\u00ed, \u017ee budete v\u017edy vyzera\u0165 \u010do najlep\u0161ie. Toto kruhov\u00e9 svetlo, ktor\u00e9 je vybaven\u00e9 nab\u00edjate\u013enou bat\u00e9riou USB, sa d\u00e1 jednoducho nap\u00e1ja\u0165 pre pohodlie kdeko\u013evek. Rozl\u00fa\u010dte sa s v\u00fdmenami bat\u00e9ri\u00ed a priv\u00edtajte trvalo udr\u017eate\u013en\u00e9 rie\u0161enia osvetlenia.<\/p>\n<p>Zachy\u0165te \u00fa\u017easn\u00e9 fotografie a vide\u00e1 s profesion\u00e1lnymi sveteln\u00fdmi efektmi pomocou n\u00e1\u0161ho LED osvetlenia smartf\u00f3nu. Zv\u00fd\u0161te svoju kreativitu a za\u017eiarte v ka\u017edom z\u00e1bere.<br \/>Pozn\u00e1mky: Vstup: DC 5V<br \/>\nBater\u00eda de litio, 250 mAh \u2013 3,7 V<br \/>\nRozmery: 85 x 27 mm<br \/>\nPresentation en caja de dise\u00f1o.<\/p>","protected":false},"excerpt":{"rendered":"<p>LED light for smartphone, a must-have accessory for all your photography and video needs. This compact ring light features three<\/p>","protected":false},"featured_media":11663,"comment_status":"open","ping_status":"closed","template":"","meta":[],"product_cat":[291,286],"product_tag":[],"class_list":{"0":"post-11662","1":"product","2":"type-product","3":"status-publish","4":"has-post-thumbnail","6":"product_cat-tech_accessories","7":"product_cat-technology","9":"first","10":"instock","11":"shipping-taxable","12":"purchasable","13":"product-type-variable"},"_links":{"self":[{"href":"https:\/\/www.promotio.sk\/sk\/wp-json\/wp\/v2\/product\/11662","targetHints":{"allow":["GET"]}}],"collection":[{"href":"https:\/\/www.promotio.sk\/sk\/wp-json\/wp\/v2\/product"}],"about":[{"href":"https:\/\/www.promotio.sk\/sk\/wp-json\/wp\/v2\/types\/product"}],"replies":[{"embeddable":true,"href":"https:\/\/www.promotio.sk\/sk\/wp-json\/wp\/v2\/comments?post=11662"}],"wp:featuredmedia":[{"embeddable":true,"href":"https:\/\/www.promotio.sk\/sk\/wp-json\/wp\/v2\/media\/11663"}],"wp:attachment":[{"href":"https:\/\/www.promotio.sk\/sk\/wp-json\/wp\/v2\/media?parent=11662"}],"wp:term":[{"taxonomy":"product_cat","embeddable":true,"href":"https:\/\/www.promotio.sk\/sk\/wp-json\/wp\/v2\/product_cat?post=11662"},{"taxonomy":"product_tag","embeddable":true,"href":"https:\/\/www.promotio.sk\/sk\/wp-json\/wp\/v2\/product_tag?post=11662"}],"curies":[{"name":"wp","href":"https:\/\/api.w.org\/{rel}","templated":true}]}}