{"id":11660,"date":"2024-03-07T13:55:32","date_gmt":"2024-03-07T12:55:32","guid":{"rendered":"https:\/\/www.promotio.sk\/shop\/nezaraden\u00e9\/mariel\/"},"modified":"2024-03-07T13:56:11","modified_gmt":"2024-03-07T12:56:11","slug":"mariel","status":"publish","type":"product","link":"https:\/\/www.promotio.sk\/sk\/shop\/promo-items\/technology\/usb_flash_drivers\/mariel\/","title":{"rendered":"MARIEL"},"content":{"rendered":"<p>USB port je ekologick\u00e9 a pohodln\u00e9 rie\u0161enie pre bezdr\u00f4tov\u00e9 nab\u00edjanie va\u0161ich zariaden\u00ed.<br \/>\nS v\u00fdkonom 10 W v\u00e1m poskytne r\u00fdchle a efekt\u00edvne nab\u00edjanie. Tento port USB obsahuje aj praktick\u00fd dr\u017eiak na notebook s rozmermi 6 \u00d7 6 cm na 130 str\u00e1n, ktor\u00fd je ide\u00e1lny na robenie pozn\u00e1mok alebo zapisovanie n\u00e1padov na cest\u00e1ch.<br \/>\nJe kompatibiln\u00fd so zariadeniami vybaven\u00fdmi bezdr\u00f4tovou technol\u00f3giou a m\u00e1 tie\u017e v\u00fdstupy Micro USB a Type C. Jeho funkcia podpory pre smartf\u00f3ny v\u00e1m umo\u017e\u0148uje umiestni\u0165 telef\u00f3n vzpriamene.<br \/>\nPort USB je dod\u00e1van\u00fd s integrovan\u00fdm k\u00e1blom Type-C pre v\u00e4\u010d\u0161ie pohodlie a v\u0161estrannos\u0165. Jeho bambusov\u00fd dizajn dod\u00e1va n\u00e1dych elegancie a prirodzen\u00e9ho \u0161t\u00fdlu. Okrem toho sa dod\u00e1va v krabi\u010dke s ekologick\u00fdm dizajnom, \u010d\u00edm sa posil\u0148uje jeho z\u00e1v\u00e4zok k udr\u017eate\u013enosti a je ide\u00e1lnym dar\u010dekom pre t\u00fdch, ktor\u00fdm z\u00e1le\u017e\u00ed na \u017eivotnom prostred\u00ed.<br \/>\nBambusov\u00fd USB port je inteligentnou a vedomou vo\u013ebou pre t\u00fdch, ktor\u00ed h\u013eadaj\u00fa jednoduch\u00e9 a ekologick\u00e9 bezdr\u00f4tov\u00e9 nab\u00edjanie.<br \/>Zlo\u017eenie: Bamb\u00fa<br \/>Pozn\u00e1mky: Prezent\u00e1cia v ekologickom dizajnovom boxe.<\/p>","protected":false},"excerpt":{"rendered":"<p>USB port is an eco-friendly and convenient solution for charging your devices wirelessly. With a power of 10W, it gives<\/p>","protected":false},"featured_media":11661,"comment_status":"open","ping_status":"closed","template":"","meta":[],"product_cat":[286,288],"product_tag":[],"class_list":{"0":"post-11660","1":"product","2":"type-product","3":"status-publish","4":"has-post-thumbnail","6":"product_cat-technology","7":"product_cat-usb_flash_drivers","9":"first","10":"instock","11":"shipping-taxable","12":"purchasable","13":"product-type-variable"},"_links":{"self":[{"href":"https:\/\/www.promotio.sk\/sk\/wp-json\/wp\/v2\/product\/11660","targetHints":{"allow":["GET"]}}],"collection":[{"href":"https:\/\/www.promotio.sk\/sk\/wp-json\/wp\/v2\/product"}],"about":[{"href":"https:\/\/www.promotio.sk\/sk\/wp-json\/wp\/v2\/types\/product"}],"replies":[{"embeddable":true,"href":"https:\/\/www.promotio.sk\/sk\/wp-json\/wp\/v2\/comments?post=11660"}],"wp:featuredmedia":[{"embeddable":true,"href":"https:\/\/www.promotio.sk\/sk\/wp-json\/wp\/v2\/media\/11661"}],"wp:attachment":[{"href":"https:\/\/www.promotio.sk\/sk\/wp-json\/wp\/v2\/media?parent=11660"}],"wp:term":[{"taxonomy":"product_cat","embeddable":true,"href":"https:\/\/www.promotio.sk\/sk\/wp-json\/wp\/v2\/product_cat?post=11660"},{"taxonomy":"product_tag","embeddable":true,"href":"https:\/\/www.promotio.sk\/sk\/wp-json\/wp\/v2\/product_tag?post=11660"}],"curies":[{"name":"wp","href":"https:\/\/api.w.org\/{rel}","templated":true}]}}