{"id":11644,"date":"2024-03-07T13:54:39","date_gmt":"2024-03-07T12:54:39","guid":{"rendered":"https:\/\/www.promotio.sk\/shop\/nezaraden\u00e9\/rayel\/"},"modified":"2024-03-07T13:55:31","modified_gmt":"2024-03-07T12:55:31","slug":"rayel","status":"publish","type":"product","link":"https:\/\/www.promotio.sk\/sk\/shop\/promo-items\/technology\/sound\/rayel\/","title":{"rendered":"RAYEL"},"content":{"rendered":"<p>Bezdr\u00f4tov\u00e1 n\u00e1hlavn\u00e1 s\u00faprava Bluetooth 5.0 s integrovan\u00fdm ovl\u00e1dac\u00edm panelom a stereo technol\u00f3giou. Skladanie. Pohodln\u00e9 podlo\u017eky z ekoko\u017ee. Funkcia handsfree a FM r\u00e1dio. Nab\u00edjate\u013en\u00e1 bat\u00e9ria a k\u00e1bel s\u00fa s\u00fa\u010das\u0165ou balenia. <br \/>Zlo\u017eenie: N\u00e1u\u0161nice z imit\u00e1cie ko\u017ee.<br \/>Pozn\u00e1mky: USB nab\u00edjanie: DC 5V IN.<br \/>\nFrekvencia Bluetooth: 2,401 \u2013 2,480 GHz.<br \/>\nVzdialenos\u0165 Bluetooth: 10 metrov.<br \/>\nFrekvencia: 50Hz \u2013 20KHz.<br \/>\nV\u00fdstupn\u00fd v\u00fdkon: 35 mw.<br \/>\nSNR: 88 dB<br \/>\nDoba nab\u00edjania: pribli\u017ene 2 hodiny.<br \/>\nN\u00e1vod na pou\u017eitie je k dispoz\u00edcii v 2 jazykoch: \u0161paniel\u010dina a angli\u010dtina.<br \/>\nPrezent\u00e1cia v dizajnovom boxe. <\/p>","protected":false},"excerpt":{"rendered":"<p>Bluetooth 5.0 wireless headset with integrated control panel and stereo technology. Folding. Comfortable eco-leather pads. Hands-free function and FM radio.<\/p>","protected":false},"featured_media":11645,"comment_status":"open","ping_status":"closed","template":"","meta":[],"product_cat":[290,286],"product_tag":[],"class_list":{"0":"post-11644","1":"product","2":"type-product","3":"status-publish","4":"has-post-thumbnail","6":"product_cat-sound","7":"product_cat-technology","9":"first","10":"instock","11":"shipping-taxable","12":"purchasable","13":"product-type-variable"},"_links":{"self":[{"href":"https:\/\/www.promotio.sk\/sk\/wp-json\/wp\/v2\/product\/11644","targetHints":{"allow":["GET"]}}],"collection":[{"href":"https:\/\/www.promotio.sk\/sk\/wp-json\/wp\/v2\/product"}],"about":[{"href":"https:\/\/www.promotio.sk\/sk\/wp-json\/wp\/v2\/types\/product"}],"replies":[{"embeddable":true,"href":"https:\/\/www.promotio.sk\/sk\/wp-json\/wp\/v2\/comments?post=11644"}],"wp:featuredmedia":[{"embeddable":true,"href":"https:\/\/www.promotio.sk\/sk\/wp-json\/wp\/v2\/media\/11645"}],"wp:attachment":[{"href":"https:\/\/www.promotio.sk\/sk\/wp-json\/wp\/v2\/media?parent=11644"}],"wp:term":[{"taxonomy":"product_cat","embeddable":true,"href":"https:\/\/www.promotio.sk\/sk\/wp-json\/wp\/v2\/product_cat?post=11644"},{"taxonomy":"product_tag","embeddable":true,"href":"https:\/\/www.promotio.sk\/sk\/wp-json\/wp\/v2\/product_tag?post=11644"}],"curies":[{"name":"wp","href":"https:\/\/api.w.org\/{rel}","templated":true}]}}