{"id":11642,"date":"2024-03-07T13:54:34","date_gmt":"2024-03-07T12:54:34","guid":{"rendered":"https:\/\/www.promotio.sk\/shop\/nezaraden\u00e9\/legrand\/"},"modified":"2024-03-07T13:55:22","modified_gmt":"2024-03-07T12:55:22","slug":"legrand","status":"publish","type":"product","link":"https:\/\/www.promotio.sk\/sk\/shop\/promo-items\/technology\/sound\/legrand\/","title":{"rendered":"LEGRAND"},"content":{"rendered":"<p>Bezdr\u00f4tov\u00e1 n\u00e1hlavn\u00e1 s\u00faprava Bluetooth 5.0 s gumenou povrchovou \u00fapravou, ktor\u00e1 sa \u013eahko skladuje, preto\u017ee sa d\u00e1 zlo\u017ei\u0165. Vyroben\u00e9 s vrchn\u00fdm polstrovan\u00edm a m\u00e4kk\u00fdmi ko\u017eenkov\u00fdmi podlo\u017ekami. Hlin\u00edkov\u00e9 bo\u010dnice ide\u00e1lne pre laserov\u00e9 zna\u010denie. M\u00e1 integrovan\u00fd ovl\u00e1dac\u00ed panel so stereo technol\u00f3giou. Funkcia handsfree a FM r\u00e1dio. Nab\u00edjate\u013en\u00e1 bat\u00e9ria. Vr\u00e1tane k\u00e1bla. <br \/>Zlo\u017eenie: \u2013 Gumov\u00e1 povrchov\u00e1 \u00faprava.<br \/>\n\u2013 Zvr\u0161ok a polstrovanie u\u0161\u00ed z m\u00e4kkej imit\u00e1cie ko\u017ee.<br \/>\n- Hlin\u00edkov\u00e9 bo\u010dnice.<br \/>Pozn\u00e1mky: USB nab\u00edjanie: DC 5V IN.<br \/>\nFM frekvencia: 87,5 \u2013 108MHz.<br \/>\nBezdr\u00f4tov\u00e1 frekvencia. 2,401 \u2013 2,480 GHz.<br \/>\nVzdialenos\u0165 Bluetooth: 10 metrov.<br \/>\nFrekvencia: 20hz-20Khz.V\u00fdkon: 35mW.SNR: 88dB.<br \/>\nDoba nab\u00edjania: Pribli\u017ene 2 hodiny. N\u00e1vod na pou\u017eitie je k dispoz\u00edcii v 2 jazykoch: \u0161paniel\u010dina a angli\u010dtina.<br \/>\nPrezent\u00e1cia v bielej krabi\u010dke s dizajnov\u00fdm kr\u00eddlom.<\/p>","protected":false},"excerpt":{"rendered":"<p>Bluetooth 5.0 wireless headset with rubber touch finish, easy to store as they are foldable. Made with top padding and<\/p>","protected":false},"featured_media":11643,"comment_status":"open","ping_status":"closed","template":"","meta":[],"product_cat":[290,286],"product_tag":[],"class_list":{"0":"post-11642","1":"product","2":"type-product","3":"status-publish","4":"has-post-thumbnail","6":"product_cat-sound","7":"product_cat-technology","9":"first","10":"instock","11":"shipping-taxable","12":"purchasable","13":"product-type-variable"},"_links":{"self":[{"href":"https:\/\/www.promotio.sk\/sk\/wp-json\/wp\/v2\/product\/11642","targetHints":{"allow":["GET"]}}],"collection":[{"href":"https:\/\/www.promotio.sk\/sk\/wp-json\/wp\/v2\/product"}],"about":[{"href":"https:\/\/www.promotio.sk\/sk\/wp-json\/wp\/v2\/types\/product"}],"replies":[{"embeddable":true,"href":"https:\/\/www.promotio.sk\/sk\/wp-json\/wp\/v2\/comments?post=11642"}],"wp:featuredmedia":[{"embeddable":true,"href":"https:\/\/www.promotio.sk\/sk\/wp-json\/wp\/v2\/media\/11643"}],"wp:attachment":[{"href":"https:\/\/www.promotio.sk\/sk\/wp-json\/wp\/v2\/media?parent=11642"}],"wp:term":[{"taxonomy":"product_cat","embeddable":true,"href":"https:\/\/www.promotio.sk\/sk\/wp-json\/wp\/v2\/product_cat?post=11642"},{"taxonomy":"product_tag","embeddable":true,"href":"https:\/\/www.promotio.sk\/sk\/wp-json\/wp\/v2\/product_tag?post=11642"}],"curies":[{"name":"wp","href":"https:\/\/api.w.org\/{rel}","templated":true}]}}