{"id":11629,"date":"2024-03-07T13:53:50","date_gmt":"2024-03-07T12:53:50","guid":{"rendered":"https:\/\/www.promotio.sk\/shop\/nezaraden\u00e9\/tango\/"},"modified":"2024-03-07T13:54:32","modified_gmt":"2024-03-07T12:54:32","slug":"tango","status":"publish","type":"product","link":"https:\/\/www.promotio.sk\/sk\/shop\/promo-items\/technology\/sound\/tango\/","title":{"rendered":"TANGO"},"content":{"rendered":"<p>Nastavite\u013en\u00e9 bezdr\u00f4tov\u00e9 sl\u00fachadl\u00e1 z bambusu a tkaniny RPET. Polstrovan\u00e1 \u010delenka a n\u00e1u\u0161n\u00edky. Vstavan\u00e9 dotykov\u00e9 ovl\u00e1danie so stereo technol\u00f3giou. Funkcia hands-free. Nab\u00edjate\u013en\u00e1 bat\u00e9ria. Vr\u00e1tane k\u00e1bla typu C. Prezent\u00e1cia v ekologickom dizajnovom boxe.   <br \/>Zlo\u017eenie: Bamb\u00fa y tejido RPET<br \/>Pozn\u00e1mky: Presentaci\u00f3n caja dise\u00f1o eco.<br \/>\nVerzia Bluetooth: 5.0<br \/>\nFrekvencia Bluetooth: 2,4 GHz<br \/>\nFunk\u010dn\u00e1 vzdialenos\u0165 Bluetooth: 10 metrov<br \/>\nBudi\u010d reproduktora: 40 mm<br \/>\nS\/N pomer: 80 dB<br \/>\nKapacita bat\u00e9rie: 200 mAh<br \/>\n\u010cas funkcie: 3-4 hodiny<\/p>","protected":false},"excerpt":{"rendered":"<p>Adjustable wireless headphones in bamboo and RPET fabric. Padded headband and ear pads. In-built touch control with stereo technology. Hand-free<\/p>","protected":false},"featured_media":11630,"comment_status":"open","ping_status":"closed","template":"","meta":[],"product_cat":[290,286],"product_tag":[],"class_list":{"0":"post-11629","1":"product","2":"type-product","3":"status-publish","4":"has-post-thumbnail","6":"product_cat-sound","7":"product_cat-technology","9":"first","10":"instock","11":"shipping-taxable","12":"purchasable","13":"product-type-variable"},"_links":{"self":[{"href":"https:\/\/www.promotio.sk\/sk\/wp-json\/wp\/v2\/product\/11629","targetHints":{"allow":["GET"]}}],"collection":[{"href":"https:\/\/www.promotio.sk\/sk\/wp-json\/wp\/v2\/product"}],"about":[{"href":"https:\/\/www.promotio.sk\/sk\/wp-json\/wp\/v2\/types\/product"}],"replies":[{"embeddable":true,"href":"https:\/\/www.promotio.sk\/sk\/wp-json\/wp\/v2\/comments?post=11629"}],"wp:featuredmedia":[{"embeddable":true,"href":"https:\/\/www.promotio.sk\/sk\/wp-json\/wp\/v2\/media\/11630"}],"wp:attachment":[{"href":"https:\/\/www.promotio.sk\/sk\/wp-json\/wp\/v2\/media?parent=11629"}],"wp:term":[{"taxonomy":"product_cat","embeddable":true,"href":"https:\/\/www.promotio.sk\/sk\/wp-json\/wp\/v2\/product_cat?post=11629"},{"taxonomy":"product_tag","embeddable":true,"href":"https:\/\/www.promotio.sk\/sk\/wp-json\/wp\/v2\/product_tag?post=11629"}],"curies":[{"name":"wp","href":"https:\/\/api.w.org\/{rel}","templated":true}]}}