{"id":11626,"date":"2024-03-07T13:53:44","date_gmt":"2024-03-07T12:53:44","guid":{"rendered":"https:\/\/www.promotio.sk\/shop\/nezaraden\u00e9\/norby\/"},"modified":"2024-03-07T13:54:26","modified_gmt":"2024-03-07T12:54:26","slug":"norby","status":"publish","type":"product","link":"https:\/\/www.promotio.sk\/sk\/shop\/promo-items\/technology\/sound\/norby\/","title":{"rendered":"NORBY"},"content":{"rendered":"<p>Bezdr\u00f4tov\u00e9 sl\u00fachadl\u00e1 vyroben\u00e9 z p\u0161eni\u010dn\u00e9ho vl\u00e1kna. Zvr\u0161ok a polstrovanie u\u0161\u00ed z imit\u00e1cie ko\u017ee. \u013dahko sa skladuj\u00fa zlo\u017een\u00edm. Vstavan\u00fd ovl\u00e1dac\u00ed panel so stereo technol\u00f3giou. Funkcia handsfree a FM r\u00e1dia. Nab\u00edjate\u013en\u00e1 bat\u00e9ria. Vr\u00e1tane k\u00e1bla. <br \/>Zlo\u017eenie: P\u0161eni\u010dn\u00e1 vl\u00e1knina.<br \/>Pozn\u00e1mky: USB nab\u00edjanie: DC 5V IN.<br \/>\nFM frekvencia: 87,5 \u2013 108MHz.<br \/>\nBezdr\u00f4tov\u00e1 frekvencia. 2,401 \u2013 2,480 GHz.<br \/>\nVzdialenos\u0165 Bluetooth: 10 metrov.<br \/>\nFrekvencia: 20hz-20Khz.V\u00fdkon: 35mW.SNR: 88dB.<br \/>\nDoba nab\u00edjania: Pribli\u017ene 2 hodiny. N\u00e1vod na pou\u017eitie v 6 jazykoch: \u0161paniel\u010dina, angli\u010dtina, franc\u00faz\u0161tina, talian\u010dina, nem\u010dina a portugal\u010dina.<br \/>\nPrezent\u00e1cia v ekologickom dizajnovom boxe.<\/p>","protected":false},"excerpt":{"rendered":"<p>Wireless headphones made of wheat fiber. Upper and ear padding in imitation leather. Easy to store them by folding them.<\/p>","protected":false},"featured_media":11627,"comment_status":"open","ping_status":"closed","template":"","meta":[],"product_cat":[290,286],"product_tag":[],"class_list":{"0":"post-11626","1":"product","2":"type-product","3":"status-publish","4":"has-post-thumbnail","6":"product_cat-sound","7":"product_cat-technology","9":"first","10":"instock","11":"shipping-taxable","12":"purchasable","13":"product-type-variable"},"_links":{"self":[{"href":"https:\/\/www.promotio.sk\/sk\/wp-json\/wp\/v2\/product\/11626","targetHints":{"allow":["GET"]}}],"collection":[{"href":"https:\/\/www.promotio.sk\/sk\/wp-json\/wp\/v2\/product"}],"about":[{"href":"https:\/\/www.promotio.sk\/sk\/wp-json\/wp\/v2\/types\/product"}],"replies":[{"embeddable":true,"href":"https:\/\/www.promotio.sk\/sk\/wp-json\/wp\/v2\/comments?post=11626"}],"wp:featuredmedia":[{"embeddable":true,"href":"https:\/\/www.promotio.sk\/sk\/wp-json\/wp\/v2\/media\/11627"}],"wp:attachment":[{"href":"https:\/\/www.promotio.sk\/sk\/wp-json\/wp\/v2\/media?parent=11626"}],"wp:term":[{"taxonomy":"product_cat","embeddable":true,"href":"https:\/\/www.promotio.sk\/sk\/wp-json\/wp\/v2\/product_cat?post=11626"},{"taxonomy":"product_tag","embeddable":true,"href":"https:\/\/www.promotio.sk\/sk\/wp-json\/wp\/v2\/product_tag?post=11626"}],"curies":[{"name":"wp","href":"https:\/\/api.w.org\/{rel}","templated":true}]}}