{"id":11605,"date":"2024-03-07T13:52:36","date_gmt":"2024-03-07T12:52:36","guid":{"rendered":"https:\/\/www.promotio.sk\/shop\/nezaraden\u00e9\/sonus\/"},"modified":"2024-03-07T13:53:23","modified_gmt":"2024-03-07T12:53:23","slug":"sonus","status":"publish","type":"product","link":"https:\/\/www.promotio.sk\/sk\/shop\/promo-items\/technology\/sound\/sonus\/","title":{"rendered":"SONUS"},"content":{"rendered":"<p>Bezdr\u00f4tov\u00e9 sl\u00fachadl\u00e1 vyroben\u00e9 z udr\u017eate\u013en\u00fdch materi\u00e1lov, ako je bambus a recyklovan\u00fd ABS, pon\u00fakaj\u00fa mo\u017enos\u0165 \u0161etrn\u00fa k \u017eivotn\u00e9mu prostrediu pre t\u00fdch, ktor\u00ed h\u013eadaj\u00fa ekologickej\u0161\u00ed \u017eivotn\u00fd \u0161t\u00fdl. Tieto sl\u00fachadl\u00e1 s\u00fa navrhnut\u00e9 tak, aby sp\u00e1jali v\u00fdnimo\u010dn\u00fd v\u00fdkon s environment\u00e1lnym povedom\u00edm.<\/p>\n<p>Vrchn\u00e1 v\u00fdstelka a m\u00e4kk\u00e1 ko\u017een\u00e1 v\u00fdstelka poskytuj\u00fa pohodln\u00e9 a pr\u00edjemn\u00e9 nosenie a umo\u017e\u0148uj\u00fa v\u00e1m vychutn\u00e1va\u0165 si hudbu po dlh\u00fa dobu bez toho, aby sp\u00f4sobovali nepohodlie. Integrovan\u00fd ovl\u00e1dac\u00ed panel navy\u0161e umo\u017e\u0148uje intuit\u00edvne nastavova\u0165 hlasitos\u0165, meni\u0165 skladbu a prij\u00edma\u0165 hovory.<\/p>\n<p>Funkcia hands-free t\u00fdchto sl\u00fachadiel v\u00e1m umo\u017e\u0148uje prij\u00edma\u0165 hovory bez toho, aby ste museli vybera\u0165 telef\u00f3n, \u010do v\u00e1m poskytuje v\u00e4\u010d\u0161ie pohodlie a slobodu pohybu. Nab\u00edjate\u013en\u00e1 bat\u00e9ria zais\u0165uje nepretr\u017eit\u00e9 prehr\u00e1vanie hudby a s\u00fa\u010das\u0165ou balenia je aj k\u00e1bel typu C pre r\u00fdchle a pohodln\u00e9 nab\u00edjanie.<\/p>\n<p>Tieto bezdr\u00f4tov\u00e9 sl\u00fachadl\u00e1, prezentovan\u00e9 v obale s ekologick\u00fdm dizajnom, s\u00fa dokonalou vo\u013ebou pre t\u00fdch, ktor\u00ed h\u013eadaj\u00fa rovnov\u00e1hu medzi kvalitou zvuku, pohodl\u00edm a udr\u017eate\u013enos\u0165ou. Vychutnajte si svoju ob\u013e\u00faben\u00fa hudbu s oh\u013eadom na \u017eivotn\u00e9 prostredie a bez kompromisov v kvalite zvuku.<br \/>Zlo\u017eenie: Recyklovan\u00fd ABS a bambus<br \/>Pozn\u00e1mky: Prezent\u00e1cia v ekologickom dizajnovom boxe.<\/p>","protected":false},"excerpt":{"rendered":"<p>The wireless headphones, made from sustainable materials such as bamboo and recycled ABS, offer an environmentally friendly option for those<\/p>","protected":false},"featured_media":11606,"comment_status":"open","ping_status":"closed","template":"","meta":[],"product_cat":[290,286],"product_tag":[],"class_list":{"0":"post-11605","1":"product","2":"type-product","3":"status-publish","4":"has-post-thumbnail","6":"product_cat-sound","7":"product_cat-technology","9":"first","10":"instock","11":"shipping-taxable","12":"purchasable","13":"product-type-variable"},"_links":{"self":[{"href":"https:\/\/www.promotio.sk\/sk\/wp-json\/wp\/v2\/product\/11605","targetHints":{"allow":["GET"]}}],"collection":[{"href":"https:\/\/www.promotio.sk\/sk\/wp-json\/wp\/v2\/product"}],"about":[{"href":"https:\/\/www.promotio.sk\/sk\/wp-json\/wp\/v2\/types\/product"}],"replies":[{"embeddable":true,"href":"https:\/\/www.promotio.sk\/sk\/wp-json\/wp\/v2\/comments?post=11605"}],"wp:featuredmedia":[{"embeddable":true,"href":"https:\/\/www.promotio.sk\/sk\/wp-json\/wp\/v2\/media\/11606"}],"wp:attachment":[{"href":"https:\/\/www.promotio.sk\/sk\/wp-json\/wp\/v2\/media?parent=11605"}],"wp:term":[{"taxonomy":"product_cat","embeddable":true,"href":"https:\/\/www.promotio.sk\/sk\/wp-json\/wp\/v2\/product_cat?post=11605"},{"taxonomy":"product_tag","embeddable":true,"href":"https:\/\/www.promotio.sk\/sk\/wp-json\/wp\/v2\/product_tag?post=11605"}],"curies":[{"name":"wp","href":"https:\/\/api.w.org\/{rel}","templated":true}]}}