{"id":11603,"date":"2024-03-07T13:52:33","date_gmt":"2024-03-07T12:52:33","guid":{"rendered":"https:\/\/www.promotio.sk\/shop\/nezaraden\u00e9\/luca\/"},"modified":"2024-03-07T13:53:43","modified_gmt":"2024-03-07T12:53:43","slug":"luca","status":"publish","type":"product","link":"https:\/\/www.promotio.sk\/sk\/shop\/promo-items\/technology\/sound\/luca\/","title":{"rendered":"LUCA"},"content":{"rendered":"<p>Bezdr\u00f4tov\u00e9 sl\u00fachadl\u00e1 s pr\u00e9miovou tkaninou s\u00fa \u0161t\u00fdlovou a pohodlnou mo\u017enos\u0165ou, ako si vychutna\u0165 svoju ob\u013e\u00faben\u00fa hudbu bez otravn\u00fdch k\u00e1blov. Tieto sl\u00fachadl\u00e1 pon\u00fakaj\u00fa vysokokvalitn\u00fd z\u00e1\u017eitok z po\u010d\u00favania so stereo technol\u00f3giou, ktor\u00e1 v\u00e1m umo\u017en\u00ed oceni\u0165 ka\u017ed\u00fd detail, ako aj priestorov\u00fd zvuk.<\/p>\n<p>Ko\u017eenkov\u00e9 vrchn\u00e9 polstrovanie a m\u00e4kk\u00e9 l\u00e1tkov\u00e9 vypch\u00e1vky zais\u0165uj\u00fa pohodln\u00e9 a pohodln\u00e9 nosenie pri dlh\u0161om pou\u017e\u00edvan\u00ed. \u010ci u\u017e po\u010d\u00favate hudbu, pozer\u00e1te filmy alebo telefonujete, m\u00f4\u017eete si u\u017e\u00edva\u0165 v\u00fdnimo\u010dn\u00e9 pohodlie bez obetovania kvality zvuku.<\/p>\n<p>Zabudovan\u00fd ovl\u00e1dac\u00ed panel na sl\u00fachadl\u00e1ch v\u00e1m umo\u017e\u0148uje jednoducho nastavi\u0165 hlasitos\u0165, zmeni\u0165 skladbu a prij\u00edma\u0165 hovory. Navy\u0161e disponuj\u00fa funkciou hands-free, \u010do znamen\u00e1, \u017ee m\u00f4\u017eete prij\u00edma\u0165 hovory bez toho, aby ste museli vybera\u0165 telef\u00f3n.<\/p>\n<p>Nab\u00edjate\u013en\u00e1 bat\u00e9ria t\u00fdchto sl\u00fachadiel pon\u00faka pred\u013a\u017een\u00fa \u017eivotnos\u0165, v\u010faka \u010domu si m\u00f4\u017eete hudbu u\u017e\u00edva\u0165 hodiny bez preru\u0161enia. Okrem toho je s\u00fa\u010das\u0165ou balenia k\u00e1bel typu C, ktor\u00fd umo\u017e\u0148uje r\u00fdchle a pohodln\u00e9 dob\u00edjanie sl\u00fachadiel.<\/p>\n<p>Tieto bezdr\u00f4tov\u00e9 sl\u00fachadl\u00e1, prezentovan\u00e9 v \u0161t\u00fdlovom dizajnovom puzdre, s\u00fa dokonal\u00fdm dar\u010dekom pre ka\u017ed\u00e9ho milovn\u00edka hudby. \u010ci u\u017e ich budete nosi\u0165 doma, v pr\u00e1ci alebo na cest\u00e1ch, u\u017eijete si v\u00fdnimo\u010dn\u00fd z\u00e1\u017eitok z po\u010d\u00favania \u0161t\u00fdlovo a pohodlne.<br \/>\n<br \/>Pozn\u00e1mky: Verzia Bluetooth: 5.3<br \/>\nFunk\u010dn\u00e1 vzdialenos\u0165 Bluetooth: 10 metrov<br \/>\nBudi\u010d reproduktora: 40 mm<br \/>\nS\/N pomer: 121 dB<br \/>\nKapacita bat\u00e9rie: 400 mAh<br \/>\n\u010cas funkcie: 3-4 hodiny<br \/>\nReducci\u00f3n de ruido: CVC6.0<br \/>\nImpedancia: 32\u03a9<br \/>\nPresentation en caja dise\u00f1o.<\/p>","protected":false},"excerpt":{"rendered":"<p>Wireless headphones with premium fabric finish are a stylish and comfortable option to enjoy your favourite music without annoying cables.<\/p>","protected":false},"featured_media":11604,"comment_status":"open","ping_status":"closed","template":"","meta":[],"product_cat":[290,286],"product_tag":[],"class_list":{"0":"post-11603","1":"product","2":"type-product","3":"status-publish","4":"has-post-thumbnail","6":"product_cat-sound","7":"product_cat-technology","9":"first","10":"instock","11":"shipping-taxable","12":"purchasable","13":"product-type-variable"},"_links":{"self":[{"href":"https:\/\/www.promotio.sk\/sk\/wp-json\/wp\/v2\/product\/11603","targetHints":{"allow":["GET"]}}],"collection":[{"href":"https:\/\/www.promotio.sk\/sk\/wp-json\/wp\/v2\/product"}],"about":[{"href":"https:\/\/www.promotio.sk\/sk\/wp-json\/wp\/v2\/types\/product"}],"replies":[{"embeddable":true,"href":"https:\/\/www.promotio.sk\/sk\/wp-json\/wp\/v2\/comments?post=11603"}],"wp:featuredmedia":[{"embeddable":true,"href":"https:\/\/www.promotio.sk\/sk\/wp-json\/wp\/v2\/media\/11604"}],"wp:attachment":[{"href":"https:\/\/www.promotio.sk\/sk\/wp-json\/wp\/v2\/media?parent=11603"}],"wp:term":[{"taxonomy":"product_cat","embeddable":true,"href":"https:\/\/www.promotio.sk\/sk\/wp-json\/wp\/v2\/product_cat?post=11603"},{"taxonomy":"product_tag","embeddable":true,"href":"https:\/\/www.promotio.sk\/sk\/wp-json\/wp\/v2\/product_tag?post=11603"}],"curies":[{"name":"wp","href":"https:\/\/api.w.org\/{rel}","templated":true}]}}