{"id":11589,"date":"2024-03-07T13:51:46","date_gmt":"2024-03-07T12:51:46","guid":{"rendered":"https:\/\/www.promotio.sk\/shop\/nezaraden\u00e9\/valdi\/"},"modified":"2024-03-07T13:52:23","modified_gmt":"2024-03-07T12:52:23","slug":"valdi","status":"publish","type":"product","link":"https:\/\/www.promotio.sk\/sk\/shop\/promo-items\/technology\/sound\/valdi\/","title":{"rendered":"VALDI"},"content":{"rendered":"<p>Bezdr\u00f4tov\u00e1 n\u00e1hlavn\u00e1 s\u00faprava Bluetooth 5.0 s nab\u00edjac\u00edm puzdrom. Vyroben\u00e9 z recyklovan\u00e9ho ABS a vrchn\u00e9ho povrchu z bambusu. Ovl\u00e1dac\u00ed panel s integrovanou dotykovou technol\u00f3giou v n\u00e1hlavnej s\u00faprave. Funkcia hands-free. Obsahuje puzdro s nab\u00edjate\u013enou bat\u00e9riou, kryt magnetu a Micro USB k\u00e1bel.<br \/>Zlo\u017eenie: Recyklovan\u00fd ABS a bambus.<br \/>Pozn\u00e1mky: Verzia Bluetooth: 5.0<br \/>\nFrekvencia Bluetooth: 2,4 GHz<br \/>\nPrev\u00e1dzkov\u00e1 vzdialenos\u0165 Bluetooth: 10 metrov<br \/>\nVstupn\u00e9 nap\u00e1janie: DC 5V<br \/>\nV\u00fdstupn\u00fd v\u00fdkon: 10mW<br \/>\nSNR: 95 dB<br \/>\nBat\u00e9ria sl\u00fachadiel: 35 mAh<br \/>\nBat\u00e9ria nab\u00edjacieho puzdra: 300 mAh<br \/>\nDoba prev\u00e1dzky: 3-4 hodiny<br \/>\nSkreslenie: menej ako 1%<br \/>\nImpedancia: 32\u03a9<br \/>\nVr\u00e1tane k\u00e1blov.<br \/>\nN\u00e1vod na pou\u017eitie v 6 jazykoch: \u0161paniel\u010dina, angli\u010dtina, franc\u00faz\u0161tina, talian\u010dina, nem\u010dina a portugal\u010dina.<br \/>\nPrezent\u00e1cia v ekologickom dizajnovom boxe.<\/p>","protected":false},"excerpt":{"rendered":"<p>Bluetooth 5.0 Wireless Headset with Charging Case. Made of recycled ABS and bamboo top surface. Control panel with integrated touch<\/p>","protected":false},"featured_media":11590,"comment_status":"open","ping_status":"closed","template":"","meta":[],"product_cat":[290,286],"product_tag":[],"class_list":{"0":"post-11589","1":"product","2":"type-product","3":"status-publish","4":"has-post-thumbnail","6":"product_cat-sound","7":"product_cat-technology","9":"first","10":"instock","11":"shipping-taxable","12":"purchasable","13":"product-type-variable"},"_links":{"self":[{"href":"https:\/\/www.promotio.sk\/sk\/wp-json\/wp\/v2\/product\/11589","targetHints":{"allow":["GET"]}}],"collection":[{"href":"https:\/\/www.promotio.sk\/sk\/wp-json\/wp\/v2\/product"}],"about":[{"href":"https:\/\/www.promotio.sk\/sk\/wp-json\/wp\/v2\/types\/product"}],"replies":[{"embeddable":true,"href":"https:\/\/www.promotio.sk\/sk\/wp-json\/wp\/v2\/comments?post=11589"}],"wp:featuredmedia":[{"embeddable":true,"href":"https:\/\/www.promotio.sk\/sk\/wp-json\/wp\/v2\/media\/11590"}],"wp:attachment":[{"href":"https:\/\/www.promotio.sk\/sk\/wp-json\/wp\/v2\/media?parent=11589"}],"wp:term":[{"taxonomy":"product_cat","embeddable":true,"href":"https:\/\/www.promotio.sk\/sk\/wp-json\/wp\/v2\/product_cat?post=11589"},{"taxonomy":"product_tag","embeddable":true,"href":"https:\/\/www.promotio.sk\/sk\/wp-json\/wp\/v2\/product_tag?post=11589"}],"curies":[{"name":"wp","href":"https:\/\/api.w.org\/{rel}","templated":true}]}}