{"id":11587,"date":"2024-03-07T13:51:42","date_gmt":"2024-03-07T12:51:42","guid":{"rendered":"https:\/\/www.promotio.sk\/shop\/nezaraden\u00e9\/burak\/"},"modified":"2024-03-07T13:52:32","modified_gmt":"2024-03-07T12:52:32","slug":"burak","status":"publish","type":"product","link":"https:\/\/www.promotio.sk\/sk\/shop\/promo-items\/technology\/sound\/burak\/","title":{"rendered":"BURAK"},"content":{"rendered":"<p>Bezdr\u00f4tov\u00fd headset Bluetooth 5.0 vyroben\u00fd z p\u0161eni\u010dn\u00e9ho vl\u00e1kna s nab\u00edjac\u00edm puzdrom. Ovl\u00e1dac\u00ed panel s integrovanou dotykovou technol\u00f3giou v n\u00e1hlavnej s\u00faprave. Funkcia hands-free. Puzdro na dob\u00edjacie bat\u00e9rie s magnetick\u00fdm vekom. Vr\u00e1tane nab\u00edjacieho k\u00e1bla. <br \/>Zlo\u017eenie: P\u0161eni\u010dn\u00e1 vl\u00e1knina.<br \/>Pozn\u00e1mky: Prezent\u00e1cia v ekologickom dizajnovom boxe. Bezdr\u00f4tov\u00e9 pripojenie 5.0.<br \/>\nBat\u00e9ria nab\u00edjacieho puzdra: 300 mAh.<br \/>\nBat\u00e9ria sl\u00fachadiel: 35 mAh.<br \/>\nVstupn\u00e9 nap\u00e1janie: DC 5V. N\u00e1vod na pou\u017eitie v 6 jazykoch: \u0161paniel\u010dina, angli\u010dtina, franc\u00faz\u0161tina, talian\u010dina, nem\u010dina a portugal\u010dina.<br \/>\nObsahuje USB nab\u00edjac\u00ed k\u00e1bel.<\/p>","protected":false},"excerpt":{"rendered":"<p>Bluetooth 5.0 wireless headset made of wheat fibre with charging case. Control panel with integrated touch technology in headset. Hands-free<\/p>","protected":false},"featured_media":11588,"comment_status":"open","ping_status":"closed","template":"","meta":[],"product_cat":[290,286],"product_tag":[],"class_list":{"0":"post-11587","1":"product","2":"type-product","3":"status-publish","4":"has-post-thumbnail","6":"product_cat-sound","7":"product_cat-technology","9":"first","10":"instock","11":"shipping-taxable","12":"purchasable","13":"product-type-variable"},"_links":{"self":[{"href":"https:\/\/www.promotio.sk\/sk\/wp-json\/wp\/v2\/product\/11587","targetHints":{"allow":["GET"]}}],"collection":[{"href":"https:\/\/www.promotio.sk\/sk\/wp-json\/wp\/v2\/product"}],"about":[{"href":"https:\/\/www.promotio.sk\/sk\/wp-json\/wp\/v2\/types\/product"}],"replies":[{"embeddable":true,"href":"https:\/\/www.promotio.sk\/sk\/wp-json\/wp\/v2\/comments?post=11587"}],"wp:featuredmedia":[{"embeddable":true,"href":"https:\/\/www.promotio.sk\/sk\/wp-json\/wp\/v2\/media\/11588"}],"wp:attachment":[{"href":"https:\/\/www.promotio.sk\/sk\/wp-json\/wp\/v2\/media?parent=11587"}],"wp:term":[{"taxonomy":"product_cat","embeddable":true,"href":"https:\/\/www.promotio.sk\/sk\/wp-json\/wp\/v2\/product_cat?post=11587"},{"taxonomy":"product_tag","embeddable":true,"href":"https:\/\/www.promotio.sk\/sk\/wp-json\/wp\/v2\/product_tag?post=11587"}],"curies":[{"name":"wp","href":"https:\/\/api.w.org\/{rel}","templated":true}]}}