{"id":11573,"date":"2024-03-07T13:50:56","date_gmt":"2024-03-07T12:50:56","guid":{"rendered":"https:\/\/www.promotio.sk\/shop\/nezaraden\u00e9\/funk\/"},"modified":"2024-03-07T13:51:39","modified_gmt":"2024-03-07T12:51:39","slug":"funk","status":"publish","type":"product","link":"https:\/\/www.promotio.sk\/sk\/shop\/promo-items\/technology\/sound\/funk\/","title":{"rendered":"FUNK"},"content":{"rendered":"<p>Bezdr\u00f4tov\u00e1 n\u00e1hlavn\u00e1 s\u00faprava Bluetooth 5.0 s nab\u00edjac\u00edm puzdrom. LED indik\u00e1tor nab\u00edjania na puzdre a multifunk\u010dn\u00e9 tla\u010didlo integrovan\u00e9 v oboch sl\u00fachadl\u00e1ch. Pomocou funkcie handsfree ich m\u00f4\u017eete po\u010d\u00fava\u0165 kdeko\u013evek chcete a jednoducho ich prepravova\u0165 v puzdre s nab\u00edjate\u013enou bat\u00e9riou a vekom. Trvanie 3 a\u017e 4 hodiny Vr\u00e1tane k\u00e1bla. <br \/>Zlo\u017eenie: Plast<br \/>Pozn\u00e1mky: Verzia Bluetooth: 5.1 + BR + EDR + BLE<br \/>\nRe\u017eim ovl\u00e1dania: a2dp\/avctp\/avdtp\/avrcp\/hfp\/spp\/smp\/att\/gap\/gatt\/rfcomm\/sdp\/L2cap<br \/>\nCitlivos\u0165: -90 dBm<br \/>\nPrev\u00e1dzkov\u00e1 vzdialenos\u0165 Bluetooth: 10 metrov (v prostred\u00ed bez prek\u00e1\u017eok).<br \/>\nDoba prev\u00e1dzky: 3-4 hodiny<br \/>\nDoba hovoru: 2-3 hodiny<br \/>\nDoba nab\u00edjania: 1,5 hodiny pre puzdro a 1 hodina pre sl\u00fachadl\u00e1.<br \/>\nN\u00e1vod na pou\u017eitie je k dispoz\u00edcii v 2 jazykoch: \u0161paniel\u010dina a angli\u010dtina.<br \/>\nPrezent\u00e1cia v dizajnovom boxe.<\/p>","protected":false},"excerpt":{"rendered":"<p>Bluetooth 5.0 Wireless Headset with Charging Case. LED charging indicator on the case and multi-function button integrated in both headsets.<\/p>","protected":false},"featured_media":11574,"comment_status":"open","ping_status":"closed","template":"","meta":[],"product_cat":[290,286],"product_tag":[],"class_list":{"0":"post-11573","1":"product","2":"type-product","3":"status-publish","4":"has-post-thumbnail","6":"product_cat-sound","7":"product_cat-technology","9":"first","10":"instock","11":"shipping-taxable","12":"purchasable","13":"product-type-variable"},"_links":{"self":[{"href":"https:\/\/www.promotio.sk\/sk\/wp-json\/wp\/v2\/product\/11573","targetHints":{"allow":["GET"]}}],"collection":[{"href":"https:\/\/www.promotio.sk\/sk\/wp-json\/wp\/v2\/product"}],"about":[{"href":"https:\/\/www.promotio.sk\/sk\/wp-json\/wp\/v2\/types\/product"}],"replies":[{"embeddable":true,"href":"https:\/\/www.promotio.sk\/sk\/wp-json\/wp\/v2\/comments?post=11573"}],"wp:featuredmedia":[{"embeddable":true,"href":"https:\/\/www.promotio.sk\/sk\/wp-json\/wp\/v2\/media\/11574"}],"wp:attachment":[{"href":"https:\/\/www.promotio.sk\/sk\/wp-json\/wp\/v2\/media?parent=11573"}],"wp:term":[{"taxonomy":"product_cat","embeddable":true,"href":"https:\/\/www.promotio.sk\/sk\/wp-json\/wp\/v2\/product_cat?post=11573"},{"taxonomy":"product_tag","embeddable":true,"href":"https:\/\/www.promotio.sk\/sk\/wp-json\/wp\/v2\/product_tag?post=11573"}],"curies":[{"name":"wp","href":"https:\/\/api.w.org\/{rel}","templated":true}]}}