{"id":11571,"date":"2024-03-07T13:50:53","date_gmt":"2024-03-07T12:50:53","guid":{"rendered":"https:\/\/www.promotio.sk\/shop\/nezaraden\u00e9\/ferry\/"},"modified":"2024-03-07T13:51:34","modified_gmt":"2024-03-07T12:51:34","slug":"ferry","status":"publish","type":"product","link":"https:\/\/www.promotio.sk\/sk\/shop\/promo-items\/technology\/sound\/ferry\/","title":{"rendered":"FERRY"},"content":{"rendered":"<p>Bezdr\u00f4tov\u00e1 n\u00e1hlavn\u00e1 s\u00faprava Bluetooth 5.0 s nab\u00edjac\u00edm puzdrom. \u0160t\u00fdlov\u00fd leskl\u00fd biely povrch. Ovl\u00e1dac\u00ed panel s integrovanou dotykovou technol\u00f3giou v n\u00e1hlavnej s\u00faprave. Funkcia hands-free. Puzdro na dob\u00edjacie bat\u00e9rie s magnetick\u00fdm vekom. Vr\u00e1tane k\u00e1bla. <br \/>Pozn\u00e1mky: Verzia Bluetooth: 5.0<br \/>\nFrekvencia Bluetooth: 2,4 GHz<br \/>\nPrev\u00e1dzkov\u00e1 vzdialenos\u0165 Bluetooth: 10 metrov<br \/>\nVstupn\u00e9 nap\u00e1janie: DC 5V<br \/>\nV\u00fdstupn\u00fd v\u00fdkon: 10mW<br \/>\nSNR: 95 dB<br \/>\nBat\u00e9ria sl\u00fachadiel: 35 mAh<br \/>\nBat\u00e9ria nab\u00edjacieho puzdra: 300 mAh<br \/>\nDoba prev\u00e1dzky: 3-4 hodiny<br \/>\nSkreslenie: menej ako 1%<br \/>\nImpedancia: 32\u03a9<br \/>\nN\u00e1vod na pou\u017eitie je dostupn\u00fd v 4 jazykoch: \u0161paniel\u010dina, angli\u010dtina, franc\u00faz\u0161tina a talian\u010dina.<br \/>\nPrezent\u00e1cia v dizajnovom boxe.<\/p>","protected":false},"excerpt":{"rendered":"<p>Bluetooth 5.0 Wireless Headset with Charging Case. Stylish glossy white finish. Control panel with integrated touch technology in headset. Hands-free<\/p>","protected":false},"featured_media":11572,"comment_status":"open","ping_status":"closed","template":"","meta":[],"product_cat":[290,286],"product_tag":[],"class_list":{"0":"post-11571","1":"product","2":"type-product","3":"status-publish","4":"has-post-thumbnail","6":"product_cat-sound","7":"product_cat-technology","9":"first","10":"instock","11":"shipping-taxable","12":"purchasable","13":"product-type-variable"},"_links":{"self":[{"href":"https:\/\/www.promotio.sk\/sk\/wp-json\/wp\/v2\/product\/11571","targetHints":{"allow":["GET"]}}],"collection":[{"href":"https:\/\/www.promotio.sk\/sk\/wp-json\/wp\/v2\/product"}],"about":[{"href":"https:\/\/www.promotio.sk\/sk\/wp-json\/wp\/v2\/types\/product"}],"replies":[{"embeddable":true,"href":"https:\/\/www.promotio.sk\/sk\/wp-json\/wp\/v2\/comments?post=11571"}],"wp:featuredmedia":[{"embeddable":true,"href":"https:\/\/www.promotio.sk\/sk\/wp-json\/wp\/v2\/media\/11572"}],"wp:attachment":[{"href":"https:\/\/www.promotio.sk\/sk\/wp-json\/wp\/v2\/media?parent=11571"}],"wp:term":[{"taxonomy":"product_cat","embeddable":true,"href":"https:\/\/www.promotio.sk\/sk\/wp-json\/wp\/v2\/product_cat?post=11571"},{"taxonomy":"product_tag","embeddable":true,"href":"https:\/\/www.promotio.sk\/sk\/wp-json\/wp\/v2\/product_tag?post=11571"}],"curies":[{"name":"wp","href":"https:\/\/api.w.org\/{rel}","templated":true}]}}