{"id":11544,"date":"2024-03-07T13:49:22","date_gmt":"2024-03-07T12:49:22","guid":{"rendered":"https:\/\/www.promotio.sk\/shop\/nezaraden\u00e9\/kura\/"},"modified":"2024-03-07T13:50:03","modified_gmt":"2024-03-07T12:50:03","slug":"kura","status":"publish","type":"product","link":"https:\/\/www.promotio.sk\/sk\/shop\/promo-items\/technology\/sound\/kura\/","title":{"rendered":"KURA"},"content":{"rendered":"<p>Bezdr\u00f4tov\u00e9 sl\u00fachadl\u00e1 so vstavan\u00fdm ovl\u00e1dac\u00edm panelom a mikrof\u00f3nom. Stereo zvuk. Prezent\u00e1cia v praktickom puzdre na zips zo syntetickej ko\u017ee. Nab\u00edjate\u013en\u00e1 bat\u00e9ria. Vr\u00e1tane k\u00e1bla.<br \/>Zlo\u017eenie: Puzdro z imit\u00e1cie ko\u017ee.<br \/>Pozn\u00e1mky: Verzia Bluetooth: 4.2<br \/>\nNab\u00edjanie: Micro USB k\u00e1bel<br \/>\nFrekvencia Bluetooth: 2,4 GHz<br \/>\nVzdialenos\u0165 Bluetooth: 10 metrov<br \/>\nV\u00fdstupn\u00fd v\u00fdkon: 10 mW<br \/>\nSNR: 95 dB<br \/>\nL\u00edtiov\u00e1 bat\u00e9ria: 60mAh<br \/>\nPrev\u00e1dzka: 3-4h<br \/>\nSkreslenie: menej ako 1%<br \/>\nPou\u017e\u00edvate\u013esk\u00e1 pr\u00edru\u010dka je k dispoz\u00edcii v 2 jazykoch: \u0161paniel\u010dina a angli\u010dtina.<\/p>","protected":false},"excerpt":{"rendered":"<p>Wireless earphones with built-in control panel and microphone. Stereo sound. Presentation in a practical zippered case in synthetic leather. Rechargeable<\/p>","protected":false},"featured_media":11545,"comment_status":"open","ping_status":"closed","template":"","meta":[],"product_cat":[290,286],"product_tag":[],"class_list":{"0":"post-11544","1":"product","2":"type-product","3":"status-publish","4":"has-post-thumbnail","6":"product_cat-sound","7":"product_cat-technology","9":"first","10":"instock","11":"shipping-taxable","12":"purchasable","13":"product-type-variable"},"_links":{"self":[{"href":"https:\/\/www.promotio.sk\/sk\/wp-json\/wp\/v2\/product\/11544","targetHints":{"allow":["GET"]}}],"collection":[{"href":"https:\/\/www.promotio.sk\/sk\/wp-json\/wp\/v2\/product"}],"about":[{"href":"https:\/\/www.promotio.sk\/sk\/wp-json\/wp\/v2\/types\/product"}],"replies":[{"embeddable":true,"href":"https:\/\/www.promotio.sk\/sk\/wp-json\/wp\/v2\/comments?post=11544"}],"wp:featuredmedia":[{"embeddable":true,"href":"https:\/\/www.promotio.sk\/sk\/wp-json\/wp\/v2\/media\/11545"}],"wp:attachment":[{"href":"https:\/\/www.promotio.sk\/sk\/wp-json\/wp\/v2\/media?parent=11544"}],"wp:term":[{"taxonomy":"product_cat","embeddable":true,"href":"https:\/\/www.promotio.sk\/sk\/wp-json\/wp\/v2\/product_cat?post=11544"},{"taxonomy":"product_tag","embeddable":true,"href":"https:\/\/www.promotio.sk\/sk\/wp-json\/wp\/v2\/product_tag?post=11544"}],"curies":[{"name":"wp","href":"https:\/\/api.w.org\/{rel}","templated":true}]}}