{"id":11542,"date":"2024-03-07T13:49:16","date_gmt":"2024-03-07T12:49:16","guid":{"rendered":"https:\/\/www.promotio.sk\/shop\/nezaraden\u00e9\/punk\/"},"modified":"2024-03-07T13:50:49","modified_gmt":"2024-03-07T12:50:49","slug":"punk","status":"publish","type":"product","link":"https:\/\/www.promotio.sk\/sk\/shop\/promo-items\/technology\/sound\/punk\/","title":{"rendered":"PUNK"},"content":{"rendered":"<p>Headset v prieh\u013eadnom PVC puzdre so samozatv\u00e1ra\u010dom. Pripojenie 3,5 mm Jack. S\u00fa\u010das\u0165ou je k\u00e1bel s bezpe\u010dnostn\u00fdm tla\u010didlom. <br \/>Zlo\u017eenie: PVC puzdro.<\/p>","protected":false},"excerpt":{"rendered":"<p>Headset presented in a transparent PVC case with self-closing. 3.5mm Jack Connection. Cable with safety button included. Composition: PVC pouch.<\/p>","protected":false},"featured_media":11543,"comment_status":"open","ping_status":"closed","template":"","meta":[],"product_cat":[290,286],"product_tag":[],"class_list":{"0":"post-11542","1":"product","2":"type-product","3":"status-publish","4":"has-post-thumbnail","6":"product_cat-sound","7":"product_cat-technology","9":"first","10":"instock","11":"shipping-taxable","12":"purchasable","13":"product-type-variable"},"_links":{"self":[{"href":"https:\/\/www.promotio.sk\/sk\/wp-json\/wp\/v2\/product\/11542","targetHints":{"allow":["GET"]}}],"collection":[{"href":"https:\/\/www.promotio.sk\/sk\/wp-json\/wp\/v2\/product"}],"about":[{"href":"https:\/\/www.promotio.sk\/sk\/wp-json\/wp\/v2\/types\/product"}],"replies":[{"embeddable":true,"href":"https:\/\/www.promotio.sk\/sk\/wp-json\/wp\/v2\/comments?post=11542"}],"wp:featuredmedia":[{"embeddable":true,"href":"https:\/\/www.promotio.sk\/sk\/wp-json\/wp\/v2\/media\/11543"}],"wp:attachment":[{"href":"https:\/\/www.promotio.sk\/sk\/wp-json\/wp\/v2\/media?parent=11542"}],"wp:term":[{"taxonomy":"product_cat","embeddable":true,"href":"https:\/\/www.promotio.sk\/sk\/wp-json\/wp\/v2\/product_cat?post=11542"},{"taxonomy":"product_tag","embeddable":true,"href":"https:\/\/www.promotio.sk\/sk\/wp-json\/wp\/v2\/product_tag?post=11542"}],"curies":[{"name":"wp","href":"https:\/\/api.w.org\/{rel}","templated":true}]}}