{"id":11521,"date":"2024-03-07T13:47:56","date_gmt":"2024-03-07T12:47:56","guid":{"rendered":"https:\/\/www.promotio.sk\/shop\/nezaraden\u00e9\/aoki\/"},"modified":"2024-03-07T13:49:01","modified_gmt":"2024-03-07T12:49:01","slug":"aoki","status":"publish","type":"product","link":"https:\/\/www.promotio.sk\/sk\/shop\/promo-items\/technology\/sound\/aoki\/","title":{"rendered":"AOKI"},"content":{"rendered":"<p>Sl\u00fachadl\u00e1 dod\u00e1van\u00e9 v p\u00fazdre PS. Pripojenie 3,5 mm Jack. S\u00fa\u010das\u0165ou je k\u00e1bel s bezpe\u010dnostn\u00fdm tla\u010didlom. Obsahuje 3 p\u00e1ry puzdier r\u00f4znych ve\u013ekost\u00ed. <br \/>Zlo\u017eenie: puzdro PS.<\/p>","protected":false},"excerpt":{"rendered":"<p>Sl\u00fachadl\u00e1 dod\u00e1van\u00e9 v p\u00fazdre PS. Pripojenie 3,5 mm Jack. S\u00fa\u010das\u0165ou je k\u00e1bel s bezpe\u010dnostn\u00fdm tla\u010didlom. Obsahuje 3 p\u00e1ry puzdier r\u00f4znych ve\u013ekost\u00ed.<\/p>","protected":false},"featured_media":11522,"comment_status":"open","ping_status":"closed","template":"","meta":[],"product_cat":[290,286],"product_tag":[],"class_list":{"0":"post-11521","1":"product","2":"type-product","3":"status-publish","4":"has-post-thumbnail","6":"product_cat-sound","7":"product_cat-technology","9":"first","10":"instock","11":"shipping-taxable","12":"purchasable","13":"product-type-variable"},"_links":{"self":[{"href":"https:\/\/www.promotio.sk\/sk\/wp-json\/wp\/v2\/product\/11521","targetHints":{"allow":["GET"]}}],"collection":[{"href":"https:\/\/www.promotio.sk\/sk\/wp-json\/wp\/v2\/product"}],"about":[{"href":"https:\/\/www.promotio.sk\/sk\/wp-json\/wp\/v2\/types\/product"}],"replies":[{"embeddable":true,"href":"https:\/\/www.promotio.sk\/sk\/wp-json\/wp\/v2\/comments?post=11521"}],"wp:featuredmedia":[{"embeddable":true,"href":"https:\/\/www.promotio.sk\/sk\/wp-json\/wp\/v2\/media\/11522"}],"wp:attachment":[{"href":"https:\/\/www.promotio.sk\/sk\/wp-json\/wp\/v2\/media?parent=11521"}],"wp:term":[{"taxonomy":"product_cat","embeddable":true,"href":"https:\/\/www.promotio.sk\/sk\/wp-json\/wp\/v2\/product_cat?post=11521"},{"taxonomy":"product_tag","embeddable":true,"href":"https:\/\/www.promotio.sk\/sk\/wp-json\/wp\/v2\/product_tag?post=11521"}],"curies":[{"name":"wp","href":"https:\/\/api.w.org\/{rel}","templated":true}]}}