{"id":11519,"date":"2024-03-07T13:47:52","date_gmt":"2024-03-07T12:47:52","guid":{"rendered":"https:\/\/www.promotio.sk\/shop\/nezaraden\u00e9\/folk\/"},"modified":"2024-03-07T13:49:16","modified_gmt":"2024-03-07T12:49:16","slug":"folk","status":"publish","type":"product","link":"https:\/\/www.promotio.sk\/sk\/shop\/promo-items\/technology\/sound\/folk\/","title":{"rendered":"\u013dUDOV\u00dd"},"content":{"rendered":"<p>Bezdr\u00f4tov\u00e9 sl\u00fachadl\u00e1 z recyklovan\u00e9ho ABS a pr\u00edrodn\u00e9ho korku. Nab\u00edjacie puzdro s nab\u00edjate\u013enou bat\u00e9riou. Dotykov\u00fd ovl\u00e1dac\u00ed panel zabudovan\u00fd v sl\u00fachadle. Funkcia hands-free. Pripojenie typu C. Vr\u00e1tane k\u00e1bla. <br \/>Zlo\u017eenie: Recyklovan\u00fd ABS a pr\u00edrodn\u00fd korok.<br \/>Pozn\u00e1mky: Prezent\u00e1cia v ekologickom dizajnovom boxe.<br \/>\nBluetooth 5.0<br \/>\nMaxim\u00e1lna pracovn\u00e1 vzdialenos\u0165: 10 metrov<br \/>\nBat\u00e9ria nab\u00edjacieho puzdra: 300 mAh<br \/>\nPracovn\u00fd \u010das: 4-5 hod\u00edn<br \/>\nImpedancia: 32\u03a9 <\/p>","protected":false},"excerpt":{"rendered":"<p>Wireless earbuds in recycled ABS and natural cork. Charging case with rechargable battery. Touch control panel in-built on the earpiece.<\/p>","protected":false},"featured_media":11520,"comment_status":"open","ping_status":"closed","template":"","meta":[],"product_cat":[290,286],"product_tag":[],"class_list":{"0":"post-11519","1":"product","2":"type-product","3":"status-publish","4":"has-post-thumbnail","6":"product_cat-sound","7":"product_cat-technology","9":"first","10":"instock","11":"shipping-taxable","12":"purchasable","13":"product-type-variable"},"_links":{"self":[{"href":"https:\/\/www.promotio.sk\/sk\/wp-json\/wp\/v2\/product\/11519","targetHints":{"allow":["GET"]}}],"collection":[{"href":"https:\/\/www.promotio.sk\/sk\/wp-json\/wp\/v2\/product"}],"about":[{"href":"https:\/\/www.promotio.sk\/sk\/wp-json\/wp\/v2\/types\/product"}],"replies":[{"embeddable":true,"href":"https:\/\/www.promotio.sk\/sk\/wp-json\/wp\/v2\/comments?post=11519"}],"wp:featuredmedia":[{"embeddable":true,"href":"https:\/\/www.promotio.sk\/sk\/wp-json\/wp\/v2\/media\/11520"}],"wp:attachment":[{"href":"https:\/\/www.promotio.sk\/sk\/wp-json\/wp\/v2\/media?parent=11519"}],"wp:term":[{"taxonomy":"product_cat","embeddable":true,"href":"https:\/\/www.promotio.sk\/sk\/wp-json\/wp\/v2\/product_cat?post=11519"},{"taxonomy":"product_tag","embeddable":true,"href":"https:\/\/www.promotio.sk\/sk\/wp-json\/wp\/v2\/product_tag?post=11519"}],"curies":[{"name":"wp","href":"https:\/\/api.w.org\/{rel}","templated":true}]}}