{"id":11506,"date":"2024-03-07T13:47:13","date_gmt":"2024-03-07T12:47:13","guid":{"rendered":"https:\/\/www.promotio.sk\/shop\/nezaraden\u00e9\/kuasi\/"},"modified":"2024-03-07T13:47:51","modified_gmt":"2024-03-07T12:47:51","slug":"kuasi","status":"publish","type":"product","link":"https:\/\/www.promotio.sk\/sk\/shop\/promo-items\/technology\/sound\/kuasi\/","title":{"rendered":"KUASI"},"content":{"rendered":"<p>Bezdr\u00f4tov\u00e9 sl\u00fachadl\u00e1 do u\u0161\u00ed z p\u0161eni\u010dn\u00e9ho vl\u00e1kna a bambusu s nab\u00edjac\u00edm puzdrom. Vstavan\u00fd ovl\u00e1dac\u00ed panel s dotykovou technol\u00f3giou. Funkcia hands-free. Nab\u00edjate\u013en\u00e1 bat\u00e9ria. Vr\u00e1tane k\u00e1bla typu C. <br \/>Zlo\u017eenie: p\u0161eni\u010dn\u00e1 vl\u00e1knina a bambus.<br \/>Pozn\u00e1mky: Prezent\u00e1cia v ekologickom dizajnovom boxe.<br \/>\nBluetooth 5.0<br \/>\nMaxim\u00e1lna pracovn\u00e1 vzdialenos\u0165: 10 metrov<br \/>\nBat\u00e9ria nab\u00edjacieho puzdra: 200 mAh<br \/>\nPracovn\u00fd \u010das: 3-4 hodiny<br \/>\nImpedancia: 32\u03a9 <\/p>","protected":false},"excerpt":{"rendered":"<p>Wireless earbuds in wheat fibre and bamboo, with charging case. In-built control panel with touch technology. Hands-free function. Rechargable battery.<\/p>","protected":false},"featured_media":11507,"comment_status":"open","ping_status":"closed","template":"","meta":[],"product_cat":[290,286],"product_tag":[],"class_list":{"0":"post-11506","1":"product","2":"type-product","3":"status-publish","4":"has-post-thumbnail","6":"product_cat-sound","7":"product_cat-technology","9":"first","10":"instock","11":"shipping-taxable","12":"purchasable","13":"product-type-variable"},"_links":{"self":[{"href":"https:\/\/www.promotio.sk\/sk\/wp-json\/wp\/v2\/product\/11506","targetHints":{"allow":["GET"]}}],"collection":[{"href":"https:\/\/www.promotio.sk\/sk\/wp-json\/wp\/v2\/product"}],"about":[{"href":"https:\/\/www.promotio.sk\/sk\/wp-json\/wp\/v2\/types\/product"}],"replies":[{"embeddable":true,"href":"https:\/\/www.promotio.sk\/sk\/wp-json\/wp\/v2\/comments?post=11506"}],"wp:featuredmedia":[{"embeddable":true,"href":"https:\/\/www.promotio.sk\/sk\/wp-json\/wp\/v2\/media\/11507"}],"wp:attachment":[{"href":"https:\/\/www.promotio.sk\/sk\/wp-json\/wp\/v2\/media?parent=11506"}],"wp:term":[{"taxonomy":"product_cat","embeddable":true,"href":"https:\/\/www.promotio.sk\/sk\/wp-json\/wp\/v2\/product_cat?post=11506"},{"taxonomy":"product_tag","embeddable":true,"href":"https:\/\/www.promotio.sk\/sk\/wp-json\/wp\/v2\/product_tag?post=11506"}],"curies":[{"name":"wp","href":"https:\/\/api.w.org\/{rel}","templated":true}]}}