{"id":11504,"date":"2024-03-07T13:47:09","date_gmt":"2024-03-07T12:47:09","guid":{"rendered":"https:\/\/www.promotio.sk\/shop\/nezaraden\u00e9\/tacet\/"},"modified":"2024-03-07T13:47:43","modified_gmt":"2024-03-07T12:47:43","slug":"tacet","status":"publish","type":"product","link":"https:\/\/www.promotio.sk\/sk\/shop\/promo-items\/technology\/sound\/tacet\/","title":{"rendered":"TACET"},"content":{"rendered":"<p>Bezdr\u00f4tov\u00e9 sl\u00fachadl\u00e1 s potla\u010den\u00edm hluku. Vstavan\u00fd ovl\u00e1dac\u00ed panel s dotykovou technol\u00f3giou. Funkcia hands-free. Nab\u00edjacie puzdro s nab\u00edjate\u013enou bat\u00e9riou a pripojen\u00edm typu C. Vr\u00e1tane k\u00e1bla. <br \/>Pozn\u00e1mky: Prezent\u00e1cia v dizajnovom boxe.<br \/>\nBluetooth 5.0<br \/>\nPracovn\u00e1 vzdialenos\u0165: 10 metrov<br \/>\nBat\u00e9ria nab\u00edjacieho puzdra: 300 mAh<br \/>\nPracovn\u00fd \u010das: 3-4 hodiny<br \/>\nImpedancia: 32\u03a9 <\/p>","protected":false},"excerpt":{"rendered":"<p>Wireless noise-cancelling earbuds. In-built control panel with touch technology. Hands-free function. Charging case with rechargable battery and Type C connection.<\/p>","protected":false},"featured_media":11505,"comment_status":"open","ping_status":"closed","template":"","meta":[],"product_cat":[290,286],"product_tag":[],"class_list":{"0":"post-11504","1":"product","2":"type-product","3":"status-publish","4":"has-post-thumbnail","6":"product_cat-sound","7":"product_cat-technology","9":"first","10":"instock","11":"shipping-taxable","12":"purchasable","13":"product-type-variable"},"_links":{"self":[{"href":"https:\/\/www.promotio.sk\/sk\/wp-json\/wp\/v2\/product\/11504","targetHints":{"allow":["GET"]}}],"collection":[{"href":"https:\/\/www.promotio.sk\/sk\/wp-json\/wp\/v2\/product"}],"about":[{"href":"https:\/\/www.promotio.sk\/sk\/wp-json\/wp\/v2\/types\/product"}],"replies":[{"embeddable":true,"href":"https:\/\/www.promotio.sk\/sk\/wp-json\/wp\/v2\/comments?post=11504"}],"wp:featuredmedia":[{"embeddable":true,"href":"https:\/\/www.promotio.sk\/sk\/wp-json\/wp\/v2\/media\/11505"}],"wp:attachment":[{"href":"https:\/\/www.promotio.sk\/sk\/wp-json\/wp\/v2\/media?parent=11504"}],"wp:term":[{"taxonomy":"product_cat","embeddable":true,"href":"https:\/\/www.promotio.sk\/sk\/wp-json\/wp\/v2\/product_cat?post=11504"},{"taxonomy":"product_tag","embeddable":true,"href":"https:\/\/www.promotio.sk\/sk\/wp-json\/wp\/v2\/product_tag?post=11504"}],"curies":[{"name":"wp","href":"https:\/\/api.w.org\/{rel}","templated":true}]}}