{"id":11488,"date":"2024-03-07T13:46:17","date_gmt":"2024-03-07T12:46:17","guid":{"rendered":"https:\/\/www.promotio.sk\/shop\/nezaraden\u00e9\/costen\/"},"modified":"2024-03-07T13:47:08","modified_gmt":"2024-03-07T12:47:08","slug":"costen","status":"publish","type":"product","link":"https:\/\/www.promotio.sk\/sk\/shop\/promo-items\/technology\/sound\/costen\/","title":{"rendered":"COSTEN"},"content":{"rendered":"<p>Bezdr\u00f4tov\u00e9 sl\u00fachadl\u00e1 s nab\u00edjac\u00edm puzdrom. Vstavan\u00fd ovl\u00e1dac\u00ed panel s dotykovou technol\u00f3giou na jednoduch\u00e9 pozastavenie skladby alebo prijatie\/zru\u0161enie mobiln\u00fdch hovorov. Funkcia hands-free. Nab\u00edjate\u013en\u00e1 bat\u00e9ria s pripojen\u00edm typu C. Vr\u00e1tane k\u00e1bla. <br \/>Pozn\u00e1mky: Prezent\u00e1cia v dizajnovom boxe.<br \/>\nVerzia Bluetooth: 5.0.<br \/>\nFrekvencia Bluetooth: 2,4 GHz.<br \/>\nPracovn\u00e1 vzdialenos\u0165 Bluetooth: 10 metrov.<br \/>\nVstup: DC 5V.<br \/>\nV\u00fdstupn\u00fd v\u00fdkon: 10mW.<br \/>\nSNR: 95 dB.<br \/>\nBat\u00e9ria sl\u00fachadiel: 35 mAh.<br \/>\nBat\u00e9ria nab\u00edjacieho puzdra: 300 mAh.<br \/>\nPracovn\u00fd \u010das: 3-4 hodiny.<br \/>\nSkreslenie: menej ako 1%.<br \/>\nImpedancia: 32\u03a9.<\/p>","protected":false},"excerpt":{"rendered":"<p>Wireless earbuds with charging case. Built-in control panel with touch technology to easily pause a track or answer\/cancel your mobile<\/p>","protected":false},"featured_media":11489,"comment_status":"open","ping_status":"closed","template":"","meta":[],"product_cat":[290,286],"product_tag":[],"class_list":{"0":"post-11488","1":"product","2":"type-product","3":"status-publish","4":"has-post-thumbnail","6":"product_cat-sound","7":"product_cat-technology","9":"first","10":"instock","11":"shipping-taxable","12":"purchasable","13":"product-type-variable"},"_links":{"self":[{"href":"https:\/\/www.promotio.sk\/sk\/wp-json\/wp\/v2\/product\/11488","targetHints":{"allow":["GET"]}}],"collection":[{"href":"https:\/\/www.promotio.sk\/sk\/wp-json\/wp\/v2\/product"}],"about":[{"href":"https:\/\/www.promotio.sk\/sk\/wp-json\/wp\/v2\/types\/product"}],"replies":[{"embeddable":true,"href":"https:\/\/www.promotio.sk\/sk\/wp-json\/wp\/v2\/comments?post=11488"}],"wp:featuredmedia":[{"embeddable":true,"href":"https:\/\/www.promotio.sk\/sk\/wp-json\/wp\/v2\/media\/11489"}],"wp:attachment":[{"href":"https:\/\/www.promotio.sk\/sk\/wp-json\/wp\/v2\/media?parent=11488"}],"wp:term":[{"taxonomy":"product_cat","embeddable":true,"href":"https:\/\/www.promotio.sk\/sk\/wp-json\/wp\/v2\/product_cat?post=11488"},{"taxonomy":"product_tag","embeddable":true,"href":"https:\/\/www.promotio.sk\/sk\/wp-json\/wp\/v2\/product_tag?post=11488"}],"curies":[{"name":"wp","href":"https:\/\/api.w.org\/{rel}","templated":true}]}}