{"id":11472,"date":"2024-03-07T13:45:28","date_gmt":"2024-03-07T12:45:28","guid":{"rendered":"https:\/\/www.promotio.sk\/shop\/nezaraden\u00e9\/auron\/"},"modified":"2024-03-07T13:46:05","modified_gmt":"2024-03-07T12:46:05","slug":"auron","status":"publish","type":"product","link":"https:\/\/www.promotio.sk\/sk\/shop\/promo-items\/technology\/sound\/auron\/","title":{"rendered":"AURON"},"content":{"rendered":"<p>Bezdr\u00f4tov\u00e9 sl\u00fachadl\u00e1 v recyklovanom ABS puzdre s oto\u010dn\u00fdm ochrann\u00fdm r\u00e1mom. Vstavan\u00fd ovl\u00e1dac\u00ed panel s dotykovou technol\u00f3giou. Funkcia hands-free. Nab\u00edjate\u013en\u00e1 bat\u00e9ria. Vr\u00e1tane k\u00e1bla typu C. Prezent\u00e1cia v ekologickom dizajnovom boxe.<br \/>Zlo\u017eenie: ABS reciklado y bamb\u00fa<br \/>Pozn\u00e1mky: Verzia Bluetooth: 5.3<br \/>\nFrekvencia Bluetooth: 2,4 GHz<br \/>\nFunk\u010dn\u00e1 vzdialenos\u0165 Bluetooth: 10 metrov<br \/>\nVstupn\u00fd v\u00fdkon: DC 5V<br \/>\nV\u00fdkon: 10mW<br \/>\nBat\u00e9ria sluchu: 25 mAh<br \/>\nBat\u00e9ria pre n\u00e1klad: 200 mAh<br \/>\n\u010cas funkcie: 3-4 hodiny<br \/>\nImpedancia: 32\u03a9<br \/>\nPrezent\u00e1cia en caja dise\u00f1o eco.<\/p>","protected":false},"excerpt":{"rendered":"<p>Wireless earbuds presented in a recycled ABS case with a swivelling protective frame. In-built control panel with touch technology. Hands-free<\/p>","protected":false},"featured_media":11473,"comment_status":"open","ping_status":"closed","template":"","meta":[],"product_cat":[290,286],"product_tag":[],"class_list":{"0":"post-11472","1":"product","2":"type-product","3":"status-publish","4":"has-post-thumbnail","6":"product_cat-sound","7":"product_cat-technology","9":"first","10":"instock","11":"shipping-taxable","12":"purchasable","13":"product-type-variable"},"_links":{"self":[{"href":"https:\/\/www.promotio.sk\/sk\/wp-json\/wp\/v2\/product\/11472","targetHints":{"allow":["GET"]}}],"collection":[{"href":"https:\/\/www.promotio.sk\/sk\/wp-json\/wp\/v2\/product"}],"about":[{"href":"https:\/\/www.promotio.sk\/sk\/wp-json\/wp\/v2\/types\/product"}],"replies":[{"embeddable":true,"href":"https:\/\/www.promotio.sk\/sk\/wp-json\/wp\/v2\/comments?post=11472"}],"wp:featuredmedia":[{"embeddable":true,"href":"https:\/\/www.promotio.sk\/sk\/wp-json\/wp\/v2\/media\/11473"}],"wp:attachment":[{"href":"https:\/\/www.promotio.sk\/sk\/wp-json\/wp\/v2\/media?parent=11472"}],"wp:term":[{"taxonomy":"product_cat","embeddable":true,"href":"https:\/\/www.promotio.sk\/sk\/wp-json\/wp\/v2\/product_cat?post=11472"},{"taxonomy":"product_tag","embeddable":true,"href":"https:\/\/www.promotio.sk\/sk\/wp-json\/wp\/v2\/product_tag?post=11472"}],"curies":[{"name":"wp","href":"https:\/\/api.w.org\/{rel}","templated":true}]}}