{"id":11470,"date":"2024-03-07T13:45:26","date_gmt":"2024-03-07T12:45:26","guid":{"rendered":"https:\/\/www.promotio.sk\/shop\/nezaraden\u00e9\/celsius\/"},"modified":"2024-03-07T13:46:11","modified_gmt":"2024-03-07T12:46:11","slug":"celsius","status":"publish","type":"product","link":"https:\/\/www.promotio.sk\/sk\/shop\/promo-items\/technology\/technology_multifunction\/celsius\/","title":{"rendered":"CELSIUS"},"content":{"rendered":"<p>Meteostanica s bambusov\u00fdm predn\u00fdm pl\u00e1\u0161\u0165om. Funkcia hodiniek so sn\u00edma\u010dmi teploty a vlhkosti. Dotykov\u00fd ovl\u00e1dac\u00ed panel. Zaznamen\u00e1vanie maxim\u00e1lnej a minim\u00e1lnej teploty a vlhkosti. Funguje na 2 AAA bat\u00e9rie (nie s\u00fa s\u00fa\u010das\u0165ou balenia). <br \/>Zlo\u017eenie: bambus<br \/>Pozn\u00e1mky: Prezent\u00e1cia v krabi\u010dke s ekologick\u00fdm dizajnom. Funguje na 2 bat\u00e9rie AAA (nie s\u00fa s\u00fa\u010das\u0165ou dod\u00e1vky). Materi\u00e1l krytu: ABS<br \/>\nPredn\u00fd materi\u00e1l: Bambus<br \/>\nTeplotn\u00fd rozsah: 0 \u2013 50\u00baC<br \/>\nRozsah vlhkosti: 20% \u2013 95%<br \/>\nN\u00e1vod na pou\u017eitie v 6 jazykoch: \u0161paniel\u010dina, angli\u010dtina, franc\u00faz\u0161tina, talian\u010dina, nem\u010dina a portugal\u010dina. <\/p>","protected":false},"excerpt":{"rendered":"<p>Weather station with bamboo front shell. Watch function with temperature and humidity sensors. Touch control panel. Recording of maximum and<\/p>","protected":false},"featured_media":11471,"comment_status":"open","ping_status":"closed","template":"","meta":[],"product_cat":[287,286],"product_tag":[],"class_list":{"0":"post-11470","1":"product","2":"type-product","3":"status-publish","4":"has-post-thumbnail","6":"product_cat-technology_multifunction","7":"product_cat-technology","9":"first","10":"instock","11":"shipping-taxable","12":"purchasable","13":"product-type-variable"},"_links":{"self":[{"href":"https:\/\/www.promotio.sk\/sk\/wp-json\/wp\/v2\/product\/11470","targetHints":{"allow":["GET"]}}],"collection":[{"href":"https:\/\/www.promotio.sk\/sk\/wp-json\/wp\/v2\/product"}],"about":[{"href":"https:\/\/www.promotio.sk\/sk\/wp-json\/wp\/v2\/types\/product"}],"replies":[{"embeddable":true,"href":"https:\/\/www.promotio.sk\/sk\/wp-json\/wp\/v2\/comments?post=11470"}],"wp:featuredmedia":[{"embeddable":true,"href":"https:\/\/www.promotio.sk\/sk\/wp-json\/wp\/v2\/media\/11471"}],"wp:attachment":[{"href":"https:\/\/www.promotio.sk\/sk\/wp-json\/wp\/v2\/media?parent=11470"}],"wp:term":[{"taxonomy":"product_cat","embeddable":true,"href":"https:\/\/www.promotio.sk\/sk\/wp-json\/wp\/v2\/product_cat?post=11470"},{"taxonomy":"product_tag","embeddable":true,"href":"https:\/\/www.promotio.sk\/sk\/wp-json\/wp\/v2\/product_tag?post=11470"}],"curies":[{"name":"wp","href":"https:\/\/api.w.org\/{rel}","templated":true}]}}