{"id":11454,"date":"2024-03-07T13:44:35","date_gmt":"2024-03-07T12:44:35","guid":{"rendered":"https:\/\/www.promotio.sk\/shop\/nezaraden\u00e9\/cronos\/"},"modified":"2024-03-07T13:45:24","modified_gmt":"2024-03-07T12:45:24","slug":"cronos","status":"publish","type":"product","link":"https:\/\/www.promotio.sk\/sk\/shop\/promo-items\/technology\/technology_multifunction\/cronos\/","title":{"rendered":"CRONOS"},"content":{"rendered":"<p>Meteostanica s bambusov\u00fdm predn\u00fdm pl\u00e1\u0161\u0165om je dokonalou kombin\u00e1ciou funk\u010dnosti a pr\u00edrodn\u00e9ho \u0161t\u00fdlu. V\u010faka svojmu elegantn\u00e9mu a udr\u017eate\u013en\u00e9mu dizajnu je t\u00e1to meteorologick\u00e1 stanica p\u00f4sobiv\u00fdm doplnkom do ka\u017edej dom\u00e1cnosti alebo kancel\u00e1rie.<br \/>\nT\u00e1to meteostanica v\u00e1m poskytuje nielen inform\u00e1cie o teplote a vlhkosti, ale m\u00e1 aj \u010fal\u0161ie funkcie. M\u00f4\u017eete ho pou\u017ei\u0165 ako hodinky, kalend\u00e1r a bud\u00edk, \u010do z neho rob\u00ed multifunk\u010dn\u00fd a praktick\u00fd doplnok pre v\u00e1\u0161 ka\u017edodenn\u00fd \u017eivot.<br \/>\nIntegrovan\u00e9 sn\u00edma\u010de teploty a vlhkosti zais\u0165uj\u00fa presn\u00e9 a aktu\u00e1lne merania. Budete m\u00f4c\u0165 ma\u0165 \u00fapln\u00fa kontrolu nad vn\u00fatornou kl\u00edmou a prisp\u00f4sobi\u0165 si prostredie pod\u013ea svojich preferenci\u00ed a potrieb.<br \/>\nPre v\u00e4\u010d\u0161ie pohodlie je t\u00e1to meteostanica nap\u00e1jan\u00e1 2 bat\u00e9riami, ktor\u00e9 s\u00fa s\u00fa\u010das\u0165ou balenia, tak\u017ee ju m\u00f4\u017eete okam\u017eite pou\u017e\u00edva\u0165 bez zlo\u017eitej in\u0161tal\u00e1cie.<br \/>\nOkrem technick\u00fdch vlastnost\u00ed sa t\u00e1to meteostanica dod\u00e1va v ekologickom dizajne, \u010d\u00edm sa posil\u0148uje jej udr\u017eate\u013en\u00fd a ekologick\u00fd pr\u00edstup. Je to perfektn\u00e1 vo\u013eba pre t\u00fdch, ktor\u00ed h\u013eadaj\u00fa produkty, ktor\u00e9 kombinuj\u00fa funk\u010dnos\u0165 a ekologick\u00e9 povedomie.<br \/>Zlo\u017eenie: bambus<br \/>Pozn\u00e1mky: Prezent\u00e1cia v ekologickom dizajnovom boxe.<\/p>","protected":false},"excerpt":{"rendered":"<p>The weather station with a bamboo front shell is a perfect combination of functionality and natural style. With its sleek<\/p>","protected":false},"featured_media":11455,"comment_status":"open","ping_status":"closed","template":"","meta":[],"product_cat":[287,286],"product_tag":[],"class_list":{"0":"post-11454","1":"product","2":"type-product","3":"status-publish","4":"has-post-thumbnail","6":"product_cat-technology_multifunction","7":"product_cat-technology","9":"first","10":"instock","11":"shipping-taxable","12":"purchasable","13":"product-type-variable"},"_links":{"self":[{"href":"https:\/\/www.promotio.sk\/sk\/wp-json\/wp\/v2\/product\/11454","targetHints":{"allow":["GET"]}}],"collection":[{"href":"https:\/\/www.promotio.sk\/sk\/wp-json\/wp\/v2\/product"}],"about":[{"href":"https:\/\/www.promotio.sk\/sk\/wp-json\/wp\/v2\/types\/product"}],"replies":[{"embeddable":true,"href":"https:\/\/www.promotio.sk\/sk\/wp-json\/wp\/v2\/comments?post=11454"}],"wp:featuredmedia":[{"embeddable":true,"href":"https:\/\/www.promotio.sk\/sk\/wp-json\/wp\/v2\/media\/11455"}],"wp:attachment":[{"href":"https:\/\/www.promotio.sk\/sk\/wp-json\/wp\/v2\/media?parent=11454"}],"wp:term":[{"taxonomy":"product_cat","embeddable":true,"href":"https:\/\/www.promotio.sk\/sk\/wp-json\/wp\/v2\/product_cat?post=11454"},{"taxonomy":"product_tag","embeddable":true,"href":"https:\/\/www.promotio.sk\/sk\/wp-json\/wp\/v2\/product_tag?post=11454"}],"curies":[{"name":"wp","href":"https:\/\/api.w.org\/{rel}","templated":true}]}}