{"id":11444,"date":"2024-03-07T13:44:01","date_gmt":"2024-03-07T12:44:01","guid":{"rendered":"https:\/\/www.promotio.sk\/shop\/nezaraden\u00e9\/sulac\/"},"modified":"2024-03-07T13:44:34","modified_gmt":"2024-03-07T12:44:34","slug":"sulac","status":"publish","type":"product","link":"https:\/\/www.promotio.sk\/sk\/shop\/promo-items\/technology\/chargers\/sulac\/","title":{"rendered":"SULAC"},"content":{"rendered":"<p>Bezdr\u00f4tov\u00e1 nab\u00edja\u010dka s telom z pr\u00edrodn\u00e9ho korku a p\u0161eni\u010dn\u00e9ho vl\u00e1kna, s v\u00fdkonom 5W. Vr\u00e1tane k\u00e1bla.<br \/>Zlo\u017eenie: Pr\u00edrodn\u00fd korok a p\u0161eni\u010dn\u00e1 vl\u00e1knina.<br \/>Pozn\u00e1mky: Micro USB vstup: DC5V2A<br \/>\nBezdr\u00f4tov\u00fd v\u00fdkon: 5W<br \/>\nN\u00e1vod na pou\u017eitie je dostupn\u00fd v 4 jazykoch: \u0161paniel\u010dina, angli\u010dtina, franc\u00faz\u0161tina a talian\u010dina.<br \/>\nPrezent\u00e1cia v ekologickom dizajnovom boxe. <\/p>","protected":false},"excerpt":{"rendered":"<p>Wireless charger with natural cork body and wheat fibre, with a power of 5W. Cable included.Composition: Natural cork and wheat<\/p>","protected":false},"featured_media":11445,"comment_status":"open","ping_status":"closed","template":"","meta":[],"product_cat":[289,286],"product_tag":[],"class_list":{"0":"post-11444","1":"product","2":"type-product","3":"status-publish","4":"has-post-thumbnail","6":"product_cat-chargers","7":"product_cat-technology","9":"first","10":"instock","11":"shipping-taxable","12":"purchasable","13":"product-type-variable"},"_links":{"self":[{"href":"https:\/\/www.promotio.sk\/sk\/wp-json\/wp\/v2\/product\/11444","targetHints":{"allow":["GET"]}}],"collection":[{"href":"https:\/\/www.promotio.sk\/sk\/wp-json\/wp\/v2\/product"}],"about":[{"href":"https:\/\/www.promotio.sk\/sk\/wp-json\/wp\/v2\/types\/product"}],"replies":[{"embeddable":true,"href":"https:\/\/www.promotio.sk\/sk\/wp-json\/wp\/v2\/comments?post=11444"}],"wp:featuredmedia":[{"embeddable":true,"href":"https:\/\/www.promotio.sk\/sk\/wp-json\/wp\/v2\/media\/11445"}],"wp:attachment":[{"href":"https:\/\/www.promotio.sk\/sk\/wp-json\/wp\/v2\/media?parent=11444"}],"wp:term":[{"taxonomy":"product_cat","embeddable":true,"href":"https:\/\/www.promotio.sk\/sk\/wp-json\/wp\/v2\/product_cat?post=11444"},{"taxonomy":"product_tag","embeddable":true,"href":"https:\/\/www.promotio.sk\/sk\/wp-json\/wp\/v2\/product_tag?post=11444"}],"curies":[{"name":"wp","href":"https:\/\/api.w.org\/{rel}","templated":true}]}}