{"id":11436,"date":"2024-03-07T13:43:38","date_gmt":"2024-03-07T12:43:38","guid":{"rendered":"https:\/\/www.promotio.sk\/shop\/nezaraden\u00e9\/icarus\/"},"modified":"2024-03-07T13:44:18","modified_gmt":"2024-03-07T12:44:18","slug":"icarus","status":"publish","type":"product","link":"https:\/\/www.promotio.sk\/sk\/shop\/promo-items\/technology\/technology_multifunction\/icarus\/","title":{"rendered":"ICARUS"},"content":{"rendered":"<p>Hodinky s 5W bezdr\u00f4tovou nab\u00edja\u010dkou vyroben\u00e9 z MDF dreva, s 3 re\u017eimami svietenia. M\u00e1 \u010fal\u0161ie doplnkov\u00e9 funkcie: \u010das, d\u00e1tum, bud\u00edk a teplotu. Je mo\u017en\u00e9 nastavi\u0165 a\u017e 3 nez\u00e1visl\u00e9 bud\u00edky. USB nab\u00edjac\u00ed k\u00e1bel s\u00fa\u010das\u0165ou.<br \/>Zlo\u017eenie: Drevo<br \/>Pozn\u00e1mky: Prezent\u00e1cia v ekologickom dizajnovom boxe. Pr\u00edkon: DC5V-2A<br \/>\nV\u00fdstupn\u00fd v\u00fdkon: 5V-1A<br \/>\nBezdr\u00f4tov\u00e1 nab\u00edja\u010dka kompatibiln\u00e1 s mobiln\u00fdmi zariadeniami s technol\u00f3giou QI.<br \/>\nObsahuje 2 gomb\u00edkov\u00e9 bat\u00e9rie (LR1130) pre konfigura\u010dn\u00fa pam\u00e4\u0165.<br \/>\nObsahuje USB nab\u00edjac\u00ed k\u00e1bel.<\/p>","protected":false},"excerpt":{"rendered":"<p>Watch with 5W wireless charger made of MDF wood, with 3 lighting modes. It has other additional functions: time, date,<\/p>","protected":false},"featured_media":11437,"comment_status":"open","ping_status":"closed","template":"","meta":[],"product_cat":[289,287,286],"product_tag":[],"class_list":{"0":"post-11436","1":"product","2":"type-product","3":"status-publish","4":"has-post-thumbnail","6":"product_cat-chargers","7":"product_cat-technology_multifunction","8":"product_cat-technology","10":"first","11":"instock","12":"shipping-taxable","13":"purchasable","14":"product-type-variable"},"_links":{"self":[{"href":"https:\/\/www.promotio.sk\/sk\/wp-json\/wp\/v2\/product\/11436","targetHints":{"allow":["GET"]}}],"collection":[{"href":"https:\/\/www.promotio.sk\/sk\/wp-json\/wp\/v2\/product"}],"about":[{"href":"https:\/\/www.promotio.sk\/sk\/wp-json\/wp\/v2\/types\/product"}],"replies":[{"embeddable":true,"href":"https:\/\/www.promotio.sk\/sk\/wp-json\/wp\/v2\/comments?post=11436"}],"wp:featuredmedia":[{"embeddable":true,"href":"https:\/\/www.promotio.sk\/sk\/wp-json\/wp\/v2\/media\/11437"}],"wp:attachment":[{"href":"https:\/\/www.promotio.sk\/sk\/wp-json\/wp\/v2\/media?parent=11436"}],"wp:term":[{"taxonomy":"product_cat","embeddable":true,"href":"https:\/\/www.promotio.sk\/sk\/wp-json\/wp\/v2\/product_cat?post=11436"},{"taxonomy":"product_tag","embeddable":true,"href":"https:\/\/www.promotio.sk\/sk\/wp-json\/wp\/v2\/product_tag?post=11436"}],"curies":[{"name":"wp","href":"https:\/\/api.w.org\/{rel}","templated":true}]}}