{"id":11430,"date":"2024-03-07T13:43:22","date_gmt":"2024-03-07T12:43:22","guid":{"rendered":"https:\/\/www.promotio.sk\/shop\/nezaraden\u00e9\/gamma\/"},"modified":"2024-03-07T13:43:56","modified_gmt":"2024-03-07T12:43:56","slug":"gamma","status":"publish","type":"product","link":"https:\/\/www.promotio.sk\/sk\/shop\/promo-items\/technology\/chargers\/gamma\/","title":{"rendered":"GAMMA"},"content":{"rendered":"<p>Bezdr\u00f4tov\u00e1 nab\u00edja\u010dka s podporou mobiln\u00fdch telef\u00f3nov a tabletov vyroben\u00e1 z bambusu. V\u00fdstupn\u00fd v\u00fdkon 5 W. Vr\u00e1tane 1m k\u00e1bla.<br \/>Zlo\u017eenie: bambus<br \/>Pozn\u00e1mky: Micro USB vstup: 5V-2A<br \/>\nBezdr\u00f4tov\u00fd v\u00fdkon: 5W<br \/>\nObsahuje 1m USB k\u00e1bel.<br \/>\nN\u00e1vod na pou\u017eitie v 4 jazykoch: \u0161paniel\u010dina, angli\u010dtina, talian\u010dina a franc\u00faz\u0161tina.<br \/>\nPrezent\u00e1cia v ekologickom dizajnovom boxe.<\/p>","protected":false},"excerpt":{"rendered":"<p>Wireless charger with support for mobile phones and tablets made of bamboo. 5 W power output. 1m cable included.Composition: BambooRemarks:<\/p>","protected":false},"featured_media":11431,"comment_status":"open","ping_status":"closed","template":"","meta":[],"product_cat":[289,286],"product_tag":[],"class_list":{"0":"post-11430","1":"product","2":"type-product","3":"status-publish","4":"has-post-thumbnail","6":"product_cat-chargers","7":"product_cat-technology","9":"first","10":"instock","11":"shipping-taxable","12":"purchasable","13":"product-type-variable"},"_links":{"self":[{"href":"https:\/\/www.promotio.sk\/sk\/wp-json\/wp\/v2\/product\/11430","targetHints":{"allow":["GET"]}}],"collection":[{"href":"https:\/\/www.promotio.sk\/sk\/wp-json\/wp\/v2\/product"}],"about":[{"href":"https:\/\/www.promotio.sk\/sk\/wp-json\/wp\/v2\/types\/product"}],"replies":[{"embeddable":true,"href":"https:\/\/www.promotio.sk\/sk\/wp-json\/wp\/v2\/comments?post=11430"}],"wp:featuredmedia":[{"embeddable":true,"href":"https:\/\/www.promotio.sk\/sk\/wp-json\/wp\/v2\/media\/11431"}],"wp:attachment":[{"href":"https:\/\/www.promotio.sk\/sk\/wp-json\/wp\/v2\/media?parent=11430"}],"wp:term":[{"taxonomy":"product_cat","embeddable":true,"href":"https:\/\/www.promotio.sk\/sk\/wp-json\/wp\/v2\/product_cat?post=11430"},{"taxonomy":"product_tag","embeddable":true,"href":"https:\/\/www.promotio.sk\/sk\/wp-json\/wp\/v2\/product_tag?post=11430"}],"curies":[{"name":"wp","href":"https:\/\/api.w.org\/{rel}","templated":true}]}}