{"id":11422,"date":"2024-03-07T13:42:58","date_gmt":"2024-03-07T12:42:58","guid":{"rendered":"https:\/\/www.promotio.sk\/shop\/nezaraden\u00e9\/nebula\/"},"modified":"2024-03-07T13:43:32","modified_gmt":"2024-03-07T12:43:32","slug":"nebula","status":"publish","type":"product","link":"https:\/\/www.promotio.sk\/sk\/shop\/promo-items\/technology\/chargers\/nebula\/","title":{"rendered":"HMLOVINA"},"content":{"rendered":"<p>Bezdr\u00f4tov\u00e1 nab\u00edja\u010dka s bambusov\u00fdm telom. S\u00fa\u010dasne je mo\u017en\u00e9 nab\u00edja\u0165 a\u017e 3 zariadenia. Kompatibiln\u00e9 so zariadeniami s technol\u00f3giou bezdr\u00f4tov\u00e9ho nab\u00edjania. Typ C. V\u00fdkon 5W. Pr\u00fadov\u00fd v\u00fdstup USB DC 5V\/2,1A.<br \/>Zlo\u017eenie: pr\u00edrodn\u00fd bambus.<br \/>Pozn\u00e1mky: Pracovn\u00e1 vzdialenos\u0165: do 6 mm<br \/>\nVstupn\u00e9 nap\u00e4tie: DC 5V-3A<br \/>\nBezdr\u00f4tov\u00fd v\u00fdstupn\u00fd v\u00fdkon: 5V -1A \/ 5W.<br \/>\nUSB V\u00ddSTUP: 5V-2A<br \/>\nMateri\u00e1l: Bambus<br \/>\nPlat\u00ed LEN pre mobiln\u00e9 zariadenia s technol\u00f3giou bezdr\u00f4tov\u00e9ho nab\u00edjania QI.<br \/>\nN\u00e1vod na pou\u017eitie v 6 jazykoch: \u0161paniel\u010dina, angli\u010dtina, franc\u00faz\u0161tina, talian\u010dina, nem\u010dina a portugal\u010dina.<br \/>\nPrezent\u00e1cia v ekologickom dizajnovom boxe.<\/p>","protected":false},"excerpt":{"rendered":"<p>Wireless charger with bamboo body. Up to 3 devices can be charged simultaneously. Compatible with devices with wireless charging technology.<\/p>","protected":false},"featured_media":11423,"comment_status":"open","ping_status":"closed","template":"","meta":[],"product_cat":[289,286],"product_tag":[],"class_list":{"0":"post-11422","1":"product","2":"type-product","3":"status-publish","4":"has-post-thumbnail","6":"product_cat-chargers","7":"product_cat-technology","9":"first","10":"instock","11":"shipping-taxable","12":"purchasable","13":"product-type-variable"},"_links":{"self":[{"href":"https:\/\/www.promotio.sk\/sk\/wp-json\/wp\/v2\/product\/11422","targetHints":{"allow":["GET"]}}],"collection":[{"href":"https:\/\/www.promotio.sk\/sk\/wp-json\/wp\/v2\/product"}],"about":[{"href":"https:\/\/www.promotio.sk\/sk\/wp-json\/wp\/v2\/types\/product"}],"replies":[{"embeddable":true,"href":"https:\/\/www.promotio.sk\/sk\/wp-json\/wp\/v2\/comments?post=11422"}],"wp:featuredmedia":[{"embeddable":true,"href":"https:\/\/www.promotio.sk\/sk\/wp-json\/wp\/v2\/media\/11423"}],"wp:attachment":[{"href":"https:\/\/www.promotio.sk\/sk\/wp-json\/wp\/v2\/media?parent=11422"}],"wp:term":[{"taxonomy":"product_cat","embeddable":true,"href":"https:\/\/www.promotio.sk\/sk\/wp-json\/wp\/v2\/product_cat?post=11422"},{"taxonomy":"product_tag","embeddable":true,"href":"https:\/\/www.promotio.sk\/sk\/wp-json\/wp\/v2\/product_tag?post=11422"}],"curies":[{"name":"wp","href":"https:\/\/api.w.org\/{rel}","templated":true}]}}